{"id":22712,"date":"2023-12-28T14:40:30","date_gmt":"2023-12-28T13:40:30","guid":{"rendered":"https:\/\/www.camping-ametza.com\/le-camping\/dokumente\/"},"modified":"2026-02-20T13:04:30","modified_gmt":"2026-02-20T12:04:30","slug":"dokumente","status":"publish","type":"page","link":"https:\/\/www.camping-ametza.com\/de\/familiencampingplatz-im-baskenland\/dokumente\/","title":{"rendered":"Dokument Aufenthalt"},"content":{"rendered":"<section id=\"ls-section-block_93ec26355335ab07f52f9633701d9f76\" class=\"ls-section  page-one\" >\r\n        <div class=\"container container--wide\">\r\n        \n\n<div class=\"wp-block-columns are-vertically-aligned-center is-layout-flex wp-container-core-columns-is-layout-9d6595d7 wp-block-columns-is-layout-flex\">\n<div class=\"wp-block-column is-vertically-aligned-center column-parallax is-layout-flow wp-block-column-is-layout-flow\" style=\"flex-basis:60%\">\n<figure class=\"wp-block-gallery has-nested-images columns-default is-cropped wp-block-gallery-1 is-layout-flex wp-block-gallery-is-layout-flex\">\n<figure class=\"wp-block-image size-full\"><a href=\"https:\/\/www.camping-ametza.com\/wp-content\/uploads\/2023\/12\/acheter-mobil-home-pays-basque.jpg\"><img decoding=\"async\" width=\"800\" height=\"533\" data-id=\"14627\" src=\"https:\/\/www.camping-ametza.com\/wp-content\/uploads\/2023\/12\/acheter-mobil-home-pays-basque.jpg\" alt=\"kaufen mobilheim baskenland\" class=\"wp-image-14627\" srcset=\"https:\/\/www.camping-ametza.com\/wp-content\/uploads\/2023\/12\/acheter-mobil-home-pays-basque.jpg 800w, https:\/\/www.camping-ametza.com\/wp-content\/uploads\/2023\/12\/acheter-mobil-home-pays-basque-300x200.jpg 300w, https:\/\/www.camping-ametza.com\/wp-content\/uploads\/2023\/12\/acheter-mobil-home-pays-basque-768x512.jpg 768w\" sizes=\"(max-width: 800px) 100vw, 800px\" \/><\/a><\/figure>\n\n\n\n<figure class=\"wp-block-image size-full\"><a href=\"https:\/\/www.camping-ametza.com\/wp-content\/uploads\/2023\/12\/vacances-camping-pays-basqur-valise-affaires-scaled.webp\"><img decoding=\"async\" width=\"2560\" height=\"1440\" data-id=\"16165\" src=\"https:\/\/www.camping-ametza.com\/wp-content\/uploads\/2023\/12\/vacances-camping-pays-basqur-valise-affaires-scaled.webp\" alt=\"urlaub camping baskenland koffer business\" class=\"wp-image-16165\" srcset=\"https:\/\/www.camping-ametza.com\/wp-content\/uploads\/2023\/12\/vacances-camping-pays-basqur-valise-affaires-scaled.webp 2560w, https:\/\/www.camping-ametza.com\/wp-content\/uploads\/2023\/12\/vacances-camping-pays-basqur-valise-affaires-300x169.webp 300w, https:\/\/www.camping-ametza.com\/wp-content\/uploads\/2023\/12\/vacances-camping-pays-basqur-valise-affaires-1024x576.webp 1024w, https:\/\/www.camping-ametza.com\/wp-content\/uploads\/2023\/12\/vacances-camping-pays-basqur-valise-affaires-768x432.webp 768w, https:\/\/www.camping-ametza.com\/wp-content\/uploads\/2023\/12\/vacances-camping-pays-basqur-valise-affaires-1536x864.webp 1536w, https:\/\/www.camping-ametza.com\/wp-content\/uploads\/2023\/12\/vacances-camping-pays-basqur-valise-affaires-2048x1152.webp 2048w\" sizes=\"(max-width: 2560px) 100vw, 2560px\" \/><\/a><\/figure>\n<\/figure>\n<\/div>\n\n\n\n<div class=\"wp-block-column is-vertically-aligned-center has-color-3-background-color has-background is-layout-flow wp-block-column-is-layout-flow\" style=\"flex-basis:40%\">\n<h2 class=\"ls__heading wp-block-heading\"><strong>Einfacher Zugang<\/strong> zu allen wichtigen Informationen<\/h2>\n\n\n\n<p class=\"ls-paragraph\">Willkommen auf unserer Seite, die den<strong>&#8222;Aufenthaltsdokumenten<\/strong>&#8220; gewidmet ist. Hier finden Sie alles, was Sie brauchen, um Ihren Urlaub auf dem Campingplatz Ametza zu organisieren.<\/p>\n\n\n\n<p class=\"ls-paragraph\">Egal, ob Sie gerade Ihren ersten Besuch planen oder schon ein Stammgast auf unserem Campingplatz sind, diese Seite ist Ihr Ausgangspunkt f\u00fcr einen erfolgreichen und sorgenfreien Aufenthalt.<\/p>\n\n\n\n<p class=\"ls-paragraph\">Wir haben hier eine Vielzahl wichtiger Dokumente zusammengestellt, die Ihnen bei der Vorbereitung Ihres Aufenthalts helfen sollen.<\/p>\n<\/div>\n<\/div>\n\n\r\n    <\/div>\r\n<\/section>\n\n<section id=\"ls-section-block_09a20dd394ec12f4431809c8516c9619\" class=\"ls-section  page-four\" >\r\n        <div class=\"container \">\r\n        \n\n<div id=\"ls-heading ls-titre-div-block_52f56e00c816163fe14d56119d0d6926\" class=\"ls-titre-div aligncenter h1-like\" >\n    <strong>Dokumentation<\/strong> <span>Campingplatz Ametza<\/span><\/div>\n\n\n\n<p class=\"ls-paragraph has-text-align-center\">Sehen Sie sich <a href=\"https:\/\/www.camping-ametza.com\/wp-content\/uploads\/2023\/11\/TARIFS-2026-ILLUSTRATOR-bd.pdf\" target=\"_blank\" rel=\"noreferrer noopener\">unsere Preise<\/a> an, um Ihren Aufenthalt entsprechend Ihrem Budget zu planen.<br>Der <a href=\"https:\/\/www.camping-ametza.com\/wp-content\/uploads\/2023\/11\/Plan-Internet-2026.pdf\" target=\"_blank\" rel=\"noreferrer noopener\">Lageplan des Campingplatzes <\/a>hilft Ihnen, sich bei Ihrer Ankunft zurechtzufinden und den idealen Stellplatz f\u00fcr Ihre Unterkunft auszuw\u00e4hlen.<br>F\u00fcr diejenigen, die einen Zweitwohnsitz bei uns in Betracht ziehen, bietet die Brosch\u00fcre \u201e<a href=\"https:\/\/www.camping-ametza.com\/wp-content\/uploads\/2023\/12\/BROCHURE-MH-VENTE-Camping-Ametza.pdf\" target=\"_blank\" rel=\"noreferrer noopener\">Werden Sie Eigent\u00fcmer<\/a>\u201d einen \u00dcberblick \u00fcber die verf\u00fcgbaren M\u00f6glichkeiten und Vorteile.<\/p>\n\n\n\n<p class=\"ls-paragraph has-text-align-center\">Au\u00dferdem ist es wichtig, dass Sie sich mit <a href=\"https:\/\/www.camping-ametza.com\/wp-content\/uploads\/2023\/11\/Reglement-Interieur-2026-ANG-1.pdf\" target=\"_blank\" rel=\"noreferrer noopener\">unserer Hausordnung<\/a> und den <a href=\"https:\/\/www.camping-ametza.com\/wp-content\/uploads\/2023\/11\/Conditions-Generales-de-Vente-2026-ANG-1.pdf\" target=\"_blank\" rel=\"noreferrer noopener\">Allgemeinen Gesch\u00e4ftsbedingungen<\/a> vertraut machen, um einen sicheren und angenehmen Aufenthalt zu gew\u00e4hrleisten.<br>F\u00fcr noch mehr Seelenfrieden sollten Sie sich \u00fcber <a href=\"https:\/\/www.camping-ametza.com\/wp-content\/uploads\/2023\/11\/FIC-IPID-CGA-DE-240925-compresse.pdf\" target=\"_blank\" rel=\"noreferrer noopener\">unsere Reiser\u00fccktrittsversicherung<\/a> informieren, die Sie vor unvorhergesehenen Ereignissen sch\u00fctzt.<\/p>\n\n\r\n    <\/div>\r\n<\/section>\n\n<section id=\"ls-section-block_18d8988022aeb706679d224922889251\" class=\"ls-section  home-third has-background has-color-3-background-color\" >\r\n        <div class=\"container container--wide\">\r\n        \n\n<div id=\"ls-heading ls-titre-div-block_266601deb8c588be36b17e5c78ed9d7b\" class=\"ls-titre-div h1-like\" >\n    <strong>Dokumente<\/strong> <span>Aufenthalt<\/span><\/div>\n\n\n\r\n<div id=\"ls-cta-block_603c1afb6d348a55a1c16d1c9c621646\" class=\"ls-cta cta-1 animated fadeIn slow\">  \r\n    \n\n<a href=\"https:\/\/www.camping-ametza.com\/wp-content\/uploads\/2023\/11\/Reglement-Interieur-2026-ANG-1.pdf\" target=\"_blank\" rel=\"noopener\" class=\"ls-cta__link\">\n\n\t<div class=\"ls-cta__image\"><img decoding=\"async\" src=\"https:\/\/www.camping-ametza.com\/wp-content\/uploads\/2023\/12\/reglement-interieur-camping-ametza-culture-basque-scaled.webp\" alt=\"hausordnung camping ametza baskische kultur\"><\/div>\n\n\t<div class=\"ls-cta__content\">\n\t\t<div class=\"ls-cta__title\">\n\t\t\tGesch\u00e4ftsordnung\t\t<\/div>\n\n\t\t\t<\/div>\n\n<\/a><\/div>\n\n\r\n<div id=\"ls-cta-block_c02fabed0bf9fd0aa269e03dfbfbdb6d\" class=\"ls-cta cta-2 animated fadeIn delay-100ms slow\">  \r\n    \n\n<a href=\"https:\/\/www.camping-ametza.com\/wp-content\/uploads\/2023\/11\/FIC-IPID-CGA-DE-240925-compresse.pdf\" target=\"_blank\" rel=\"noopener\" class=\"ls-cta__link\">\n\n\t<div class=\"ls-cta__image\"><img decoding=\"async\" src=\"https:\/\/www.camping-ametza.com\/wp-content\/uploads\/2023\/12\/camping-ametza-telechargez-application-scaled.webp\" alt=\"camping ametza download anwendung\"><\/div>\n\n\t<div class=\"ls-cta__content\">\n\t\t<div class=\"ls-cta__title\">\n\t\t\tCampez Couvert\t\t<\/div>\n\n\t\t\t<\/div>\n\n<\/a><\/div>\n\n\r\n<div id=\"ls-cta-block_85f6b6779d54e5e5b395d317ccc3bf03\" class=\"ls-cta cta-3 animated fadeIn delay-100ms slow\">  \r\n    \n\n<a href=\"https:\/\/www.camping-ametza.com\/wp-content\/uploads\/2023\/11\/TARIFS-2026-ILLUSTRATOR-bd.pdf\" target=\"_blank\" rel=\"noopener\" class=\"ls-cta__link\">\n\n\t<div class=\"ls-cta__image\"><img decoding=\"async\" src=\"https:\/\/www.camping-ametza.com\/wp-content\/uploads\/2023\/12\/tarifs-camping-ametza-hendaye-plage-pays-basque-scaled.webp\" alt=\"tarife camping ametza hendaye plage pays basque\"><\/div>\n\n\t<div class=\"ls-cta__content\">\n\t\t<div class=\"ls-cta__title\">\n\t\t\tPreise\t\t<\/div>\n\n\t\t\t<\/div>\n\n<\/a><\/div>\n\n\r\n<div id=\"ls-cta-block_8c1bb5f866923a13a47ceaaad8ad41c4\" class=\"ls-cta cta-4 animated fadeIn delay-100ms slow\">  \r\n    \n\n<a href=\"https:\/\/www.camping-ametza.com\/de\/familiencampingplatz-im-baskenland\/mobilheim-kaufen-baskenland\/\" target=\"\" rel=\"noopener\" class=\"ls-cta__link\">\n\n\t<div class=\"ls-cta__image\"><img decoding=\"async\" src=\"https:\/\/www.camping-ametza.com\/wp-content\/uploads\/2023\/12\/acheter-mobil-home-pays-basque.jpg\" alt=\"kaufen mobilheim baskenland\"><\/div>\n\n\t<div class=\"ls-cta__content\">\n\t\t<div class=\"ls-cta__title\">\n\t\t\tEigent\u00fcmer werden\t\t<\/div>\n\n\t\t\t<\/div>\n\n<\/a><\/div>\n\n\r\n<div id=\"ls-cta-block_2d1ca8fb023db2f8a48af0b8752613bd\" class=\"ls-cta cta-5 animated fadeIn delay-200ms slow\">  \r\n    \n\n<a href=\"https:\/\/www.camping-ametza.com\/wp-content\/uploads\/2023\/11\/Conditions-Generales-de-Vente-2026-ANG-1.pdf\" target=\"_blank\" rel=\"noopener\" class=\"ls-cta__link\">\n\n\t<div class=\"ls-cta__image\"><img decoding=\"async\" src=\"https:\/\/www.camping-ametza.com\/wp-content\/uploads\/2023\/12\/CGV-camping-ametza-hendaye-pays-basque-nature-animaux-scaled.webp\" alt=\"AGBs camping ametza hendaye baskenland natur tiere\"><\/div>\n\n\t<div class=\"ls-cta__content\">\n\t\t<div class=\"ls-cta__title\">\n\t\t\tAGB\t\t<\/div>\n\n\t\t\t<\/div>\n\n<\/a><\/div>\n\n\r\n<div id=\"ls-cta-block_ed004ac6442e4b235395196bd4401265\" class=\"ls-cta cta-6 animated fadeIn delay-200ms slower\">  \r\n    \n\n<a href=\"https:\/\/www.camping-ametza.com\/wp-content\/uploads\/2023\/11\/Plan-Internet-2026.pdf\" target=\"_blank\" rel=\"noopener\" class=\"ls-cta__link\">\n\n\t<div class=\"ls-cta__image\"><img decoding=\"async\" src=\"https:\/\/www.camping-ametza.com\/wp-content\/uploads\/2023\/12\/activites-pour-enfants-camping-ametza-hendaye.webp\" alt=\"aktivit\u00e4ten f\u00fcr kinder camping ametza hendaye\"><\/div>\n\n\t<div class=\"ls-cta__content\">\n\t\t<div class=\"ls-cta__title\">\n\t\t\tPlan des Campingplatzes\t\t<\/div>\n\n\t\t\t<\/div>\n\n<\/a><\/div>\n\r\n    <\/div>\r\n<\/section>\n\n<section id=\"ls-section-block_09a20dd394ec12f4431809c8516c9619\" class=\"ls-section  page-four\" >\r\n        <div class=\"container \">\r\n        \n\n<div id=\"ls-heading ls-titre-div-block_15e9ba6d6e0b8f8180b44bab8e128520\" class=\"ls-titre-div aligncenter h1-like\" >\n    <strong>Laden Sie  herunter.<\/strong> <span>die Mobile App<\/span> <em>Ametza<\/em><\/div>\n\n\n\n<p class=\"ls-paragraph has-text-align-center\">Und f\u00fcr ein noch fl\u00fcssigeres Erlebnis sollten Sie nicht vergessen, die Ametza-App herunterzuladen. Sie fasst all diese Dokumente und viele weitere n\u00fctzliche Informationen zusammen, sodass Sie alle Schl\u00fcssel f\u00fcr einen unvergesslichen Aufenthalt in der Hand haben. Die App ist <strong>ein praktischer Leitfaden f\u00fcr den schnellen Zugriff auf alle wichtigen Informationen<\/strong>, von der Buchung bis zur Entdeckung der Aktivit\u00e4ten und Dienstleistungen vor Ort.<\/p>\n\n\n\n<p class=\"ls-paragraph has-text-align-center\">Bereiten Sie Ihr Abenteuer auf dem Campingplatz Ametza mit Leichtigkeit und Zuversicht vor, indem Sie die auf dieser Seite verf\u00fcgbaren Ressourcen nutzen. Wir freuen uns darauf, Sie zu begr\u00fc\u00dfen und Ihnen einen au\u00dfergew\u00f6hnlichen Urlaub zu bieten!<\/p>\n\n\n<div class=\"wp-block-image\">\n<figure class=\"aligncenter size-full\"><img decoding=\"async\" width=\"980\" height=\"590\" src=\"https:\/\/www.camping-ametza.com\/wp-content\/uploads\/2023\/12\/scan-code-qr-telechargez-application-ametza.webp\" alt=\"scan qr code download ametza app\" class=\"wp-image-15329\" srcset=\"https:\/\/www.camping-ametza.com\/wp-content\/uploads\/2023\/12\/scan-code-qr-telechargez-application-ametza.webp 980w, https:\/\/www.camping-ametza.com\/wp-content\/uploads\/2023\/12\/scan-code-qr-telechargez-application-ametza-300x181.webp 300w, https:\/\/www.camping-ametza.com\/wp-content\/uploads\/2023\/12\/scan-code-qr-telechargez-application-ametza-768x462.webp 768w\" sizes=\"(max-width: 980px) 100vw, 980px\" \/><\/figure>\n<\/div>\n\r\n    <\/div>\r\n<\/section>","protected":false},"excerpt":{"rendered":"","protected":false},"author":1,"featured_media":16173,"parent":22594,"menu_order":0,"comment_status":"closed","ping_status":"closed","template":"","meta":{"_acf_changed":false,"footnotes":""},"sujet":[],"class_list":["post-22712","page","type-page","status-publish","has-post-thumbnail","hentry"],"acf":[],"yoast_head":"<!-- This site is optimized with the Yoast SEO plugin v25.3 - https:\/\/yoast.com\/wordpress\/plugins\/seo\/ -->\n<title>Ihre wichtigen Dokumente f\u00fcr Ihren Aufenthalt auf dem Campingplatz Ametza!<\/title>\n<meta name=\"robots\" content=\"index, follow, max-snippet:-1, max-image-preview:large, max-video-preview:-1\" \/>\n<link rel=\"canonical\" href=\"https:\/\/www.camping-ametza.com\/de\/familiencampingplatz-im-baskenland\/dokumente\/\" \/>\n<meta property=\"og:locale\" content=\"de_DE\" \/>\n<meta property=\"og:type\" content=\"article\" \/>\n<meta property=\"og:title\" content=\"Ihre wichtigen Dokumente f\u00fcr Ihren Aufenthalt auf dem Campingplatz Ametza!\" \/>\n<meta property=\"og:url\" content=\"https:\/\/www.camping-ametza.com\/de\/familiencampingplatz-im-baskenland\/dokumente\/\" \/>\n<meta property=\"og:site_name\" content=\"Camping Ametza\" \/>\n<meta property=\"article:publisher\" content=\"https:\/\/www.facebook.com\/camping.ametza\" \/>\n<meta property=\"article:modified_time\" content=\"2026-02-20T12:04:30+00:00\" \/>\n<meta property=\"og:image\" content=\"https:\/\/www.camping-ametza.com\/wp-content\/uploads\/2023\/12\/HEADER-DOC-SEJOUR-camping-ametza-scaled.webp\" \/>\n\t<meta property=\"og:image:width\" content=\"2560\" \/>\n\t<meta property=\"og:image:height\" content=\"1440\" \/>\n\t<meta property=\"og:image:type\" content=\"image\/webp\" \/>\n<meta name=\"twitter:card\" content=\"summary_large_image\" \/>\n<meta name=\"twitter:label1\" content=\"Gesch\u00e4tzte Lesezeit\" \/>\n\t<meta name=\"twitter:data1\" content=\"3\u00a0Minuten\" \/>\n<script type=\"application\/ld+json\" class=\"yoast-schema-graph\">{\"@context\":\"https:\/\/schema.org\",\"@graph\":[{\"@type\":\"WebPage\",\"@id\":\"https:\/\/www.camping-ametza.com\/de\/familiencampingplatz-im-baskenland\/dokumente\/\",\"url\":\"https:\/\/www.camping-ametza.com\/de\/familiencampingplatz-im-baskenland\/dokumente\/\",\"name\":\"Ihre wichtigen Dokumente f\u00fcr Ihren Aufenthalt auf dem Campingplatz Ametza!\",\"isPartOf\":{\"@id\":\"https:\/\/www.camping-ametza.com\/de\/#website\"},\"primaryImageOfPage\":{\"@id\":\"https:\/\/www.camping-ametza.com\/de\/familiencampingplatz-im-baskenland\/dokumente\/#primaryimage\"},\"image\":{\"@id\":\"https:\/\/www.camping-ametza.com\/de\/familiencampingplatz-im-baskenland\/dokumente\/#primaryimage\"},\"thumbnailUrl\":\"https:\/\/www.camping-ametza.com\/wp-content\/uploads\/2023\/12\/HEADER-DOC-SEJOUR-camping-ametza-scaled.webp\",\"datePublished\":\"2023-12-28T13:40:30+00:00\",\"dateModified\":\"2026-02-20T12:04:30+00:00\",\"breadcrumb\":{\"@id\":\"https:\/\/www.camping-ametza.com\/de\/familiencampingplatz-im-baskenland\/dokumente\/#breadcrumb\"},\"inLanguage\":\"de\",\"potentialAction\":[{\"@type\":\"ReadAction\",\"target\":[\"https:\/\/www.camping-ametza.com\/de\/familiencampingplatz-im-baskenland\/dokumente\/\"]}]},{\"@type\":\"ImageObject\",\"inLanguage\":\"de\",\"@id\":\"https:\/\/www.camping-ametza.com\/de\/familiencampingplatz-im-baskenland\/dokumente\/#primaryimage\",\"url\":\"https:\/\/www.camping-ametza.com\/wp-content\/uploads\/2023\/12\/HEADER-DOC-SEJOUR-camping-ametza-scaled.webp\",\"contentUrl\":\"https:\/\/www.camping-ametza.com\/wp-content\/uploads\/2023\/12\/HEADER-DOC-SEJOUR-camping-ametza-scaled.webp\",\"width\":2560,\"height\":1440,\"caption\":\"HEADER DOC AUFENTHALT Camping ametza\"},{\"@type\":\"BreadcrumbList\",\"@id\":\"https:\/\/www.camping-ametza.com\/de\/familiencampingplatz-im-baskenland\/dokumente\/#breadcrumb\",\"itemListElement\":[{\"@type\":\"ListItem\",\"position\":1,\"name\":\"Camping Hendaye, au Pays basque\",\"item\":\"https:\/\/www.camping-ametza.com\/de\/\"},{\"@type\":\"ListItem\",\"position\":2,\"name\":\"Familiencampingplatz Hendaye\",\"item\":\"https:\/\/www.camping-ametza.com\/de\/familiencampingplatz-im-baskenland\/\"},{\"@type\":\"ListItem\",\"position\":3,\"name\":\"Dokument Aufenthalt\"}]},{\"@type\":\"WebSite\",\"@id\":\"https:\/\/www.camping-ametza.com\/de\/#website\",\"url\":\"https:\/\/www.camping-ametza.com\/de\/\",\"name\":\"Camping Ametza\",\"description\":\"Ametza, ensemble autrement\",\"publisher\":{\"@id\":\"https:\/\/www.camping-ametza.com\/de\/#organization\"},\"alternateName\":\"Ametza\",\"potentialAction\":[{\"@type\":\"SearchAction\",\"target\":{\"@type\":\"EntryPoint\",\"urlTemplate\":\"https:\/\/www.camping-ametza.com\/de\/?s={search_term_string}\"},\"query-input\":{\"@type\":\"PropertyValueSpecification\",\"valueRequired\":true,\"valueName\":\"search_term_string\"}}],\"inLanguage\":\"de\"},{\"@type\":\"Organization\",\"@id\":\"https:\/\/www.camping-ametza.com\/de\/#organization\",\"name\":\"Camping Ametza\",\"alternateName\":\"Ametza\",\"url\":\"https:\/\/www.camping-ametza.com\/de\/\",\"logo\":{\"@type\":\"ImageObject\",\"inLanguage\":\"de\",\"@id\":\"https:\/\/www.camping-ametza.com\/de\/#\/schema\/logo\/image\/\",\"url\":\"https:\/\/www.camping-ametza.com\/wp-content\/uploads\/2023\/11\/logo-camping-ametza-1.webp\",\"contentUrl\":\"https:\/\/www.camping-ametza.com\/wp-content\/uploads\/2023\/11\/logo-camping-ametza-1.webp\",\"width\":296,\"height\":296,\"caption\":\"Camping Ametza\"},\"image\":{\"@id\":\"https:\/\/www.camping-ametza.com\/de\/#\/schema\/logo\/image\/\"},\"sameAs\":[\"https:\/\/www.facebook.com\/camping.ametza\"]}]}<\/script>\n<!-- \/ Yoast SEO plugin. -->","yoast_head_json":{"title":"Ihre wichtigen Dokumente f\u00fcr Ihren Aufenthalt auf dem Campingplatz Ametza!","robots":{"index":"index","follow":"follow","max-snippet":"max-snippet:-1","max-image-preview":"max-image-preview:large","max-video-preview":"max-video-preview:-1"},"canonical":"https:\/\/www.camping-ametza.com\/de\/familiencampingplatz-im-baskenland\/dokumente\/","og_locale":"de_DE","og_type":"article","og_title":"Ihre wichtigen Dokumente f\u00fcr Ihren Aufenthalt auf dem Campingplatz Ametza!","og_url":"https:\/\/www.camping-ametza.com\/de\/familiencampingplatz-im-baskenland\/dokumente\/","og_site_name":"Camping Ametza","article_publisher":"https:\/\/www.facebook.com\/camping.ametza","article_modified_time":"2026-02-20T12:04:30+00:00","og_image":[{"width":2560,"height":1440,"url":"https:\/\/www.camping-ametza.com\/wp-content\/uploads\/2023\/12\/HEADER-DOC-SEJOUR-camping-ametza-scaled.webp","type":"image\/webp"}],"twitter_card":"summary_large_image","twitter_misc":{"Gesch\u00e4tzte Lesezeit":"3\u00a0Minuten"},"schema":{"@context":"https:\/\/schema.org","@graph":[{"@type":"WebPage","@id":"https:\/\/www.camping-ametza.com\/de\/familiencampingplatz-im-baskenland\/dokumente\/","url":"https:\/\/www.camping-ametza.com\/de\/familiencampingplatz-im-baskenland\/dokumente\/","name":"Ihre wichtigen Dokumente f\u00fcr Ihren Aufenthalt auf dem Campingplatz Ametza!","isPartOf":{"@id":"https:\/\/www.camping-ametza.com\/de\/#website"},"primaryImageOfPage":{"@id":"https:\/\/www.camping-ametza.com\/de\/familiencampingplatz-im-baskenland\/dokumente\/#primaryimage"},"image":{"@id":"https:\/\/www.camping-ametza.com\/de\/familiencampingplatz-im-baskenland\/dokumente\/#primaryimage"},"thumbnailUrl":"https:\/\/www.camping-ametza.com\/wp-content\/uploads\/2023\/12\/HEADER-DOC-SEJOUR-camping-ametza-scaled.webp","datePublished":"2023-12-28T13:40:30+00:00","dateModified":"2026-02-20T12:04:30+00:00","breadcrumb":{"@id":"https:\/\/www.camping-ametza.com\/de\/familiencampingplatz-im-baskenland\/dokumente\/#breadcrumb"},"inLanguage":"de","potentialAction":[{"@type":"ReadAction","target":["https:\/\/www.camping-ametza.com\/de\/familiencampingplatz-im-baskenland\/dokumente\/"]}]},{"@type":"ImageObject","inLanguage":"de","@id":"https:\/\/www.camping-ametza.com\/de\/familiencampingplatz-im-baskenland\/dokumente\/#primaryimage","url":"https:\/\/www.camping-ametza.com\/wp-content\/uploads\/2023\/12\/HEADER-DOC-SEJOUR-camping-ametza-scaled.webp","contentUrl":"https:\/\/www.camping-ametza.com\/wp-content\/uploads\/2023\/12\/HEADER-DOC-SEJOUR-camping-ametza-scaled.webp","width":2560,"height":1440,"caption":"HEADER DOC AUFENTHALT Camping ametza"},{"@type":"BreadcrumbList","@id":"https:\/\/www.camping-ametza.com\/de\/familiencampingplatz-im-baskenland\/dokumente\/#breadcrumb","itemListElement":[{"@type":"ListItem","position":1,"name":"Camping Hendaye, au Pays basque","item":"https:\/\/www.camping-ametza.com\/de\/"},{"@type":"ListItem","position":2,"name":"Familiencampingplatz Hendaye","item":"https:\/\/www.camping-ametza.com\/de\/familiencampingplatz-im-baskenland\/"},{"@type":"ListItem","position":3,"name":"Dokument Aufenthalt"}]},{"@type":"WebSite","@id":"https:\/\/www.camping-ametza.com\/de\/#website","url":"https:\/\/www.camping-ametza.com\/de\/","name":"Camping Ametza","description":"Ametza, ensemble autrement","publisher":{"@id":"https:\/\/www.camping-ametza.com\/de\/#organization"},"alternateName":"Ametza","potentialAction":[{"@type":"SearchAction","target":{"@type":"EntryPoint","urlTemplate":"https:\/\/www.camping-ametza.com\/de\/?s={search_term_string}"},"query-input":{"@type":"PropertyValueSpecification","valueRequired":true,"valueName":"search_term_string"}}],"inLanguage":"de"},{"@type":"Organization","@id":"https:\/\/www.camping-ametza.com\/de\/#organization","name":"Camping Ametza","alternateName":"Ametza","url":"https:\/\/www.camping-ametza.com\/de\/","logo":{"@type":"ImageObject","inLanguage":"de","@id":"https:\/\/www.camping-ametza.com\/de\/#\/schema\/logo\/image\/","url":"https:\/\/www.camping-ametza.com\/wp-content\/uploads\/2023\/11\/logo-camping-ametza-1.webp","contentUrl":"https:\/\/www.camping-ametza.com\/wp-content\/uploads\/2023\/11\/logo-camping-ametza-1.webp","width":296,"height":296,"caption":"Camping Ametza"},"image":{"@id":"https:\/\/www.camping-ametza.com\/de\/#\/schema\/logo\/image\/"},"sameAs":["https:\/\/www.facebook.com\/camping.ametza"]}]}},"_links":{"self":[{"href":"https:\/\/www.camping-ametza.com\/de\/wp-json\/wp\/v2\/pages\/22712","targetHints":{"allow":["GET"]}}],"collection":[{"href":"https:\/\/www.camping-ametza.com\/de\/wp-json\/wp\/v2\/pages"}],"about":[{"href":"https:\/\/www.camping-ametza.com\/de\/wp-json\/wp\/v2\/types\/page"}],"author":[{"embeddable":true,"href":"https:\/\/www.camping-ametza.com\/de\/wp-json\/wp\/v2\/users\/1"}],"replies":[{"embeddable":true,"href":"https:\/\/www.camping-ametza.com\/de\/wp-json\/wp\/v2\/comments?post=22712"}],"version-history":[{"count":21,"href":"https:\/\/www.camping-ametza.com\/de\/wp-json\/wp\/v2\/pages\/22712\/revisions"}],"predecessor-version":[{"id":27908,"href":"https:\/\/www.camping-ametza.com\/de\/wp-json\/wp\/v2\/pages\/22712\/revisions\/27908"}],"up":[{"embeddable":true,"href":"https:\/\/www.camping-ametza.com\/de\/wp-json\/wp\/v2\/pages\/22594"}],"wp:featuredmedia":[{"embeddable":true,"href":"https:\/\/www.camping-ametza.com\/de\/wp-json\/wp\/v2\/media\/16173"}],"wp:attachment":[{"href":"https:\/\/www.camping-ametza.com\/de\/wp-json\/wp\/v2\/media?parent=22712"}],"wp:term":[{"taxonomy":"sujet","embeddable":true,"href":"https:\/\/www.camping-ametza.com\/de\/wp-json\/wp\/v2\/sujet?post=22712"}],"curies":[{"name":"wp","href":"https:\/\/api.w.org\/{rel}","templated":true}]}}