{"id":24037,"date":"2024-01-03T10:46:35","date_gmt":"2024-01-03T09:46:35","guid":{"rendered":"https:\/\/www.camping-ametza.com\/legale-erwaehnungen\/"},"modified":"2024-01-10T14:24:28","modified_gmt":"2024-01-10T13:24:28","slug":"legale-erwaehnungen","status":"publish","type":"page","link":"https:\/\/www.camping-ametza.com\/de\/legale-erwaehnungen\/","title":{"rendered":"Rechtliche Hinweise"},"content":{"rendered":"<section id=\"ls-section-block_9aedae773c5b9dfe4d8ecf9ee0df1e8e\" class=\"ls-section \" >\r\n        <div class=\"container \">\r\n        \n\n<h2 class=\"ls__heading wp-block-heading has-text-align-center\">HERAUSGEBER DER WEBSITE<\/h2>\n\n\n\n<p class=\"ls-paragraph has-text-align-center\"><strong>CAMPING AMETZA<br\/><\/strong>Adresse: 156 Boulevard de l&#8217;Empereur &#8211; 64700 Hendaye<br\/>Tel: 05 59 20 07 05<br\/>E-Mail: contact@camping-ametza.com<br\/>SIRET: 327 853 164 000 17<br\/>Verantwortlich f\u00fcr die Ver\u00f6ffentlichung: St\u00e9phane ALZAT\u00c9<\/p>\n\n\n\n<h2 class=\"ls__heading wp-block-heading has-text-align-center\">REALISIERUNG<\/h2>\n\n\n\n<p class=\"ls-paragraph has-text-align-center\"><strong>GEEK TONIC<\/strong>, vertreten durch Herrn Yohann Darmayan in seiner Funktion als Gesch\u00e4ftsf\u00fchrer<br\/>Hauptsitz: 50 Avenue du Lac Marion 64200 Biarritz<br\/>Tel: 05 32 74 11 52<br\/>E-Mail: support@geek-tonic.com<br\/>Website: <a href=\"https:\/\/www.geek-tonic.com\/\" target=\"_blank\" rel=\"noreferrer noopener\">www.geek-tonic.com<\/a><br\/>SIRET: 89746755100015<br\/>APE: 6201Z<\/p>\n\n\n\n<h2 class=\"ls__heading wp-block-heading has-text-align-center\">URHEBERRECHT UND URHEBERRECHT<\/h2>\n\n\n\n<p class=\"ls-paragraph has-text-align-center\">Der gesamte Inhalt dieser Website unterliegt dem Urheberrecht sowie dem geistigen Eigentum der franz\u00f6sischen Gesetzgebung.<br\/>Jegliche Vervielf\u00e4ltigung (einschlie\u00dflich Fotos, Icons und herunterladbarer Dokumente) ist ohne vorherige Zustimmung von GEEK TONIC untersagt.<br\/>Die Vervielf\u00e4ltigung der gesamten oder eines Teils der Website auf einem elektronischen Datentr\u00e4ger in einem Papier- oder elektronischen Format ist untersagt.<br\/>GEEK TONIC \u00fcbernimmt keine Verantwortung f\u00fcr den Inhalt auf der Website.<br\/>GEEK TONIC \u00fcbernimmt auch keine Verantwortung f\u00fcr externe Links, die auf die vorliegende Seite verweisen.<\/p>\n\n\n\n<h2 class=\"ls__heading wp-block-heading has-text-align-center\">Pers\u00f6nliche Daten und namentliche Informationen<\/h2>\n\n\n\n<p class=\"ls-paragraph has-text-align-center\">Sie haben ein Recht auf Zugang, \u00c4nderung, Berichtigung und L\u00f6schung der Sie betreffenden Daten gem\u00e4\u00df Artikel 34 des Gesetzes &#8222;Informatique et Libert\u00e9s&#8220; Nr. 78-17 vom 6. Januar 1978, ge\u00e4ndert am 6. August 2018.<br\/>Um dieses Recht auf Zugang zu entfalten, k\u00f6nnen Sie dies durch eine einfache schriftliche Anfrage an den Herausgeber der Website tun.<\/p>\n\n\n\n<h2 class=\"ls__heading wp-block-heading has-text-align-center\">LEGISLATION<\/h2>\n\n\n\n<p class=\"ls-paragraph has-text-align-center\">Gem\u00e4\u00df dem Gesetz vom 11. M\u00e4rz 1957 (Art. 41) und dem Gesetz \u00fcber geistiges Eigentum vom 1. Juli 1992 ist es verboten, einen Teil der Website ohne vorherige Genehmigung des Herausgebers der Website teilweise oder vollst\u00e4ndig zu vervielf\u00e4ltigen.<br\/>Logos, Visualisierungen, Fotos, Videos, Grafikcharts und Texte sind Eigentum ihrer jeweiligen Besitzer.<br\/>Diese Website kann ohne ihr Wissen mit anderen Websites \u00fcber Hypermedia-Links verbunden worden sein. Der Herausgeber der Website \u00fcbernimmt keine Verantwortung f\u00fcr die Informationen, die auf diesen anderen Websites dargestellt werden.<br\/>Der Internetnutzer erkennt an, dass die Nutzung dieser Website dem franz\u00f6sischen Recht unterliegt.<\/p>\n\n\n\n<h2 class=\"ls__heading wp-block-heading has-text-align-center\">Fotorechte<\/h2>\n\n\n\n<p class=\"ls-paragraph has-text-align-center\">Henrii lcompte; basil landreo; office de tourisme saint pee sur nivelle; Monbus; La R\u00e9publique des Pyr\u00e9n\u00e9es; SA Harrieta171; Marie-Aude; dobra; Josu Go\u00f1i Etxabe; Ignacio Gavira; Angelyoldi; Javier Mediavilla Ezquibela; MykReeve ;<\/p>\n\n\r\n    <\/div>\r\n<\/section>","protected":false},"excerpt":{"rendered":"","protected":false},"author":1,"featured_media":0,"parent":0,"menu_order":0,"comment_status":"closed","ping_status":"closed","template":"","meta":{"_acf_changed":false,"footnotes":""},"sujet":[],"class_list":["post-24037","page","type-page","status-publish","hentry"],"acf":[],"yoast_head":"<!-- This site is optimized with the Yoast SEO plugin v25.3 - https:\/\/yoast.com\/wordpress\/plugins\/seo\/ -->\n<title>Rechtliche Hinweise - Camping Ametza<\/title>\n<meta name=\"robots\" content=\"index, follow, max-snippet:-1, max-image-preview:large, max-video-preview:-1\" \/>\n<link rel=\"canonical\" href=\"https:\/\/www.camping-ametza.com\/de\/legale-erwaehnungen\/\" \/>\n<meta property=\"og:locale\" content=\"de_DE\" \/>\n<meta property=\"og:type\" content=\"article\" \/>\n<meta property=\"og:title\" content=\"Rechtliche Hinweise - Camping Ametza\" \/>\n<meta property=\"og:url\" content=\"https:\/\/www.camping-ametza.com\/de\/legale-erwaehnungen\/\" \/>\n<meta property=\"og:site_name\" content=\"Camping Ametza\" \/>\n<meta property=\"article:publisher\" content=\"https:\/\/www.facebook.com\/camping.ametza\" \/>\n<meta property=\"article:modified_time\" content=\"2024-01-10T13:24:28+00:00\" \/>\n<meta property=\"og:image\" content=\"https:\/\/www.camping-ametza.com\/wp-content\/uploads\/2023\/11\/danses-basques-camping-ametza.webp\" \/>\n\t<meta property=\"og:image:width\" content=\"1500\" \/>\n\t<meta property=\"og:image:height\" content=\"1000\" \/>\n\t<meta property=\"og:image:type\" content=\"image\/webp\" \/>\n<meta name=\"twitter:card\" content=\"summary_large_image\" \/>\n<meta name=\"twitter:label1\" content=\"Gesch\u00e4tzte Lesezeit\" \/>\n\t<meta name=\"twitter:data1\" content=\"2\u00a0Minuten\" \/>\n<script type=\"application\/ld+json\" class=\"yoast-schema-graph\">{\"@context\":\"https:\/\/schema.org\",\"@graph\":[{\"@type\":\"WebPage\",\"@id\":\"https:\/\/www.camping-ametza.com\/de\/legale-erwaehnungen\/\",\"url\":\"https:\/\/www.camping-ametza.com\/de\/legale-erwaehnungen\/\",\"name\":\"Rechtliche Hinweise - Camping Ametza\",\"isPartOf\":{\"@id\":\"https:\/\/www.camping-ametza.com\/de\/#website\"},\"datePublished\":\"2024-01-03T09:46:35+00:00\",\"dateModified\":\"2024-01-10T13:24:28+00:00\",\"breadcrumb\":{\"@id\":\"https:\/\/www.camping-ametza.com\/de\/legale-erwaehnungen\/#breadcrumb\"},\"inLanguage\":\"de\",\"potentialAction\":[{\"@type\":\"ReadAction\",\"target\":[\"https:\/\/www.camping-ametza.com\/de\/legale-erwaehnungen\/\"]}]},{\"@type\":\"BreadcrumbList\",\"@id\":\"https:\/\/www.camping-ametza.com\/de\/legale-erwaehnungen\/#breadcrumb\",\"itemListElement\":[{\"@type\":\"ListItem\",\"position\":1,\"name\":\"Camping Hendaye, au Pays basque\",\"item\":\"https:\/\/www.camping-ametza.com\/de\/\"},{\"@type\":\"ListItem\",\"position\":2,\"name\":\"Rechtliche Hinweise\"}]},{\"@type\":\"WebSite\",\"@id\":\"https:\/\/www.camping-ametza.com\/de\/#website\",\"url\":\"https:\/\/www.camping-ametza.com\/de\/\",\"name\":\"Camping Ametza\",\"description\":\"Ametza, ensemble autrement\",\"publisher\":{\"@id\":\"https:\/\/www.camping-ametza.com\/de\/#organization\"},\"alternateName\":\"Ametza\",\"potentialAction\":[{\"@type\":\"SearchAction\",\"target\":{\"@type\":\"EntryPoint\",\"urlTemplate\":\"https:\/\/www.camping-ametza.com\/de\/?s={search_term_string}\"},\"query-input\":{\"@type\":\"PropertyValueSpecification\",\"valueRequired\":true,\"valueName\":\"search_term_string\"}}],\"inLanguage\":\"de\"},{\"@type\":\"Organization\",\"@id\":\"https:\/\/www.camping-ametza.com\/de\/#organization\",\"name\":\"Camping Ametza\",\"alternateName\":\"Ametza\",\"url\":\"https:\/\/www.camping-ametza.com\/de\/\",\"logo\":{\"@type\":\"ImageObject\",\"inLanguage\":\"de\",\"@id\":\"https:\/\/www.camping-ametza.com\/de\/#\/schema\/logo\/image\/\",\"url\":\"https:\/\/www.camping-ametza.com\/wp-content\/uploads\/2023\/11\/logo-camping-ametza-1.webp\",\"contentUrl\":\"https:\/\/www.camping-ametza.com\/wp-content\/uploads\/2023\/11\/logo-camping-ametza-1.webp\",\"width\":296,\"height\":296,\"caption\":\"Camping Ametza\"},\"image\":{\"@id\":\"https:\/\/www.camping-ametza.com\/de\/#\/schema\/logo\/image\/\"},\"sameAs\":[\"https:\/\/www.facebook.com\/camping.ametza\"]}]}<\/script>\n<!-- \/ Yoast SEO plugin. -->","yoast_head_json":{"title":"Rechtliche Hinweise - Camping Ametza","robots":{"index":"index","follow":"follow","max-snippet":"max-snippet:-1","max-image-preview":"max-image-preview:large","max-video-preview":"max-video-preview:-1"},"canonical":"https:\/\/www.camping-ametza.com\/de\/legale-erwaehnungen\/","og_locale":"de_DE","og_type":"article","og_title":"Rechtliche Hinweise - Camping Ametza","og_url":"https:\/\/www.camping-ametza.com\/de\/legale-erwaehnungen\/","og_site_name":"Camping Ametza","article_publisher":"https:\/\/www.facebook.com\/camping.ametza","article_modified_time":"2024-01-10T13:24:28+00:00","og_image":[{"width":1500,"height":1000,"url":"https:\/\/www.camping-ametza.com\/wp-content\/uploads\/2023\/11\/danses-basques-camping-ametza.webp","type":"image\/webp"}],"twitter_card":"summary_large_image","twitter_misc":{"Gesch\u00e4tzte Lesezeit":"2\u00a0Minuten"},"schema":{"@context":"https:\/\/schema.org","@graph":[{"@type":"WebPage","@id":"https:\/\/www.camping-ametza.com\/de\/legale-erwaehnungen\/","url":"https:\/\/www.camping-ametza.com\/de\/legale-erwaehnungen\/","name":"Rechtliche Hinweise - Camping Ametza","isPartOf":{"@id":"https:\/\/www.camping-ametza.com\/de\/#website"},"datePublished":"2024-01-03T09:46:35+00:00","dateModified":"2024-01-10T13:24:28+00:00","breadcrumb":{"@id":"https:\/\/www.camping-ametza.com\/de\/legale-erwaehnungen\/#breadcrumb"},"inLanguage":"de","potentialAction":[{"@type":"ReadAction","target":["https:\/\/www.camping-ametza.com\/de\/legale-erwaehnungen\/"]}]},{"@type":"BreadcrumbList","@id":"https:\/\/www.camping-ametza.com\/de\/legale-erwaehnungen\/#breadcrumb","itemListElement":[{"@type":"ListItem","position":1,"name":"Camping Hendaye, au Pays basque","item":"https:\/\/www.camping-ametza.com\/de\/"},{"@type":"ListItem","position":2,"name":"Rechtliche Hinweise"}]},{"@type":"WebSite","@id":"https:\/\/www.camping-ametza.com\/de\/#website","url":"https:\/\/www.camping-ametza.com\/de\/","name":"Camping Ametza","description":"Ametza, ensemble autrement","publisher":{"@id":"https:\/\/www.camping-ametza.com\/de\/#organization"},"alternateName":"Ametza","potentialAction":[{"@type":"SearchAction","target":{"@type":"EntryPoint","urlTemplate":"https:\/\/www.camping-ametza.com\/de\/?s={search_term_string}"},"query-input":{"@type":"PropertyValueSpecification","valueRequired":true,"valueName":"search_term_string"}}],"inLanguage":"de"},{"@type":"Organization","@id":"https:\/\/www.camping-ametza.com\/de\/#organization","name":"Camping Ametza","alternateName":"Ametza","url":"https:\/\/www.camping-ametza.com\/de\/","logo":{"@type":"ImageObject","inLanguage":"de","@id":"https:\/\/www.camping-ametza.com\/de\/#\/schema\/logo\/image\/","url":"https:\/\/www.camping-ametza.com\/wp-content\/uploads\/2023\/11\/logo-camping-ametza-1.webp","contentUrl":"https:\/\/www.camping-ametza.com\/wp-content\/uploads\/2023\/11\/logo-camping-ametza-1.webp","width":296,"height":296,"caption":"Camping Ametza"},"image":{"@id":"https:\/\/www.camping-ametza.com\/de\/#\/schema\/logo\/image\/"},"sameAs":["https:\/\/www.facebook.com\/camping.ametza"]}]}},"_links":{"self":[{"href":"https:\/\/www.camping-ametza.com\/de\/wp-json\/wp\/v2\/pages\/24037","targetHints":{"allow":["GET"]}}],"collection":[{"href":"https:\/\/www.camping-ametza.com\/de\/wp-json\/wp\/v2\/pages"}],"about":[{"href":"https:\/\/www.camping-ametza.com\/de\/wp-json\/wp\/v2\/types\/page"}],"author":[{"embeddable":true,"href":"https:\/\/www.camping-ametza.com\/de\/wp-json\/wp\/v2\/users\/1"}],"replies":[{"embeddable":true,"href":"https:\/\/www.camping-ametza.com\/de\/wp-json\/wp\/v2\/comments?post=24037"}],"version-history":[{"count":7,"href":"https:\/\/www.camping-ametza.com\/de\/wp-json\/wp\/v2\/pages\/24037\/revisions"}],"predecessor-version":[{"id":25303,"href":"https:\/\/www.camping-ametza.com\/de\/wp-json\/wp\/v2\/pages\/24037\/revisions\/25303"}],"wp:attachment":[{"href":"https:\/\/www.camping-ametza.com\/de\/wp-json\/wp\/v2\/media?parent=24037"}],"wp:term":[{"taxonomy":"sujet","embeddable":true,"href":"https:\/\/www.camping-ametza.com\/de\/wp-json\/wp\/v2\/sujet?post=24037"}],"curies":[{"name":"wp","href":"https:\/\/api.w.org\/{rel}","templated":true}]}}