{"id":24035,"date":"2024-01-03T10:46:34","date_gmt":"2024-01-03T09:46:34","guid":{"rendered":"https:\/\/www.camping-ametza.com\/full-marks\/"},"modified":"2024-01-10T14:24:28","modified_gmt":"2024-01-10T13:24:28","slug":"full-marks","status":"publish","type":"page","link":"https:\/\/www.camping-ametza.com\/en\/full-marks\/","title":{"rendered":"Terms of use"},"content":{"rendered":"<section id=\"ls-section-block_dcf601e8ad9d1e30b80aceaa39032d83\" class=\"ls-section \" >\r\n        <div class=\"container \">\r\n        \n\n<h2 class=\"ls__heading wp-block-heading has-text-align-center\">WEBSITE PUBLISHER<\/h2>\n\n\n\n<p class=\"ls-paragraph has-text-align-center\"><strong>CAMPING AMETZA<br\/><\/strong>Address: 156 Boulevard de l&#8217;Empereur &#8211; 64700 Hendaye<br\/>Tel: 05 59 20 07 05<br\/>E-mail: contact@camping-ametza.com<br\/>SIRET: 327 853 164 000 17<br\/>Publication manager: St\u00e9phane ALZAT\u00c9<\/p>\n\n\n\n<h2 class=\"ls__heading wp-block-heading has-text-align-center\">PRODUCTION<\/h2>\n\n\n\n<p class=\"ls-paragraph has-text-align-center\"><strong>GEEK TONIC<\/strong>, Represented by Mr Yohann Darmayan in his capacity as Manager<br\/>Registered office: 50 Avenue du Lac Marion 64200 Biarritz<br\/>Tel: 05 32 74 11 52<br\/>E-mail: support@geek-tonic.com<br\/>Website: <a href=\"https:\/\/www.geek-tonic.com\/\" target=\"_blank\" rel=\"noreferrer noopener\">www.geek-tonic.com<\/a><br\/>SIRET : 89746755100015<br\/>APE : 6201Z<\/p>\n\n\n\n<h2 class=\"ls__heading wp-block-heading has-text-align-center\">COPYRIGHTS AND COPYRIGHT<\/h2>\n\n\n\n<p class=\"ls-paragraph has-text-align-center\">The entire content of this site is protected by French copyright and intellectual property laws.<br\/>Any reproduction (including photos, icons and downloadable documents) is prohibited without prior consent from GEEK TONIC.<br\/>Reproduction on electronic media of all or part of the site in paper or electronic format is prohibited.<br\/>GEEK TONIC is not responsible for the content of the website.<br\/>GEEK TONIC also declines all responsibility for external links pointing to this site.<\/p>\n\n\n\n<h2 class=\"ls__heading wp-block-heading has-text-align-center\">Personal data and nominative information<\/h2>\n\n\n\n<p class=\"ls-paragraph has-text-align-center\">You have the right to access, modify, rectify and delete data concerning you in accordance with Article 34 of the French Data Protection Act (Loi &#8221; Informatique et Libert\u00e9s &#8221; n\u00b0 78-17 du 6 janvier 1978, modified on August 6, 2018).<br\/>To exercise your right of access, simply send a written request to the site editor.<\/p>\n\n\n\n<h2 class=\"ls__heading wp-block-heading has-text-align-center\">LEGISLATION<\/h2>\n\n\n\n<p class=\"ls-paragraph has-text-align-center\">In accordance with the law of March 11, 1957 (art. 41) and the intellectual property code of July 1, 1992, it is forbidden to reproduce any part of the site in whole or in part without prior authorization from the site editor.<br\/>Logos, visuals, photos, videos, graphic charts and texts are the property of their respective owners.<br\/>This site may be linked to other sites through hyperlinks. The site editor declines all responsibility for the information presented on these other sites.<br\/>The Internet user acknowledges that use of this site is governed by French law.<\/p>\n\n\n\n<h2 class=\"ls__heading wp-block-heading has-text-align-center\">Photo rights<\/h2>\n\n\n\n<p class=\"ls-paragraph has-text-align-center\">Henrii lcompte ; basil landreo ; office de tourisme saint pee sur nivelle ; Monbus ; La R\u00e9publique des Pyr\u00e9n\u00e9es ; SA Harrieta171 ; Marie-Aude ; dobra ; Josu Go\u00f1i Etxabe ; Ignacio Gavira ; Angelyoldi ; Javier Mediavilla Ezquibela ; MykReeve ;<\/p>\n\n\r\n    <\/div>\r\n<\/section>","protected":false},"excerpt":{"rendered":"","protected":false},"author":1,"featured_media":0,"parent":0,"menu_order":0,"comment_status":"closed","ping_status":"closed","template":"","meta":{"_acf_changed":false,"footnotes":""},"sujet":[],"class_list":["post-24035","page","type-page","status-publish","hentry"],"acf":[],"yoast_head":"<!-- This site is optimized with the Yoast SEO plugin v25.3 - https:\/\/yoast.com\/wordpress\/plugins\/seo\/ -->\n<title>Terms of use - Camping Ametza<\/title>\n<meta name=\"robots\" content=\"index, follow, max-snippet:-1, max-image-preview:large, max-video-preview:-1\" \/>\n<link rel=\"canonical\" href=\"https:\/\/www.camping-ametza.com\/en\/full-marks\/\" \/>\n<meta property=\"og:locale\" content=\"en_US\" \/>\n<meta property=\"og:type\" content=\"article\" \/>\n<meta property=\"og:title\" content=\"Terms of use - Camping Ametza\" \/>\n<meta property=\"og:url\" content=\"https:\/\/www.camping-ametza.com\/en\/full-marks\/\" \/>\n<meta property=\"og:site_name\" content=\"Camping Ametza\" \/>\n<meta property=\"article:publisher\" content=\"https:\/\/www.facebook.com\/camping.ametza\" \/>\n<meta property=\"article:modified_time\" content=\"2024-01-10T13:24:28+00:00\" \/>\n<meta property=\"og:image\" content=\"https:\/\/www.camping-ametza.com\/wp-content\/uploads\/2023\/11\/danses-basques-camping-ametza.webp\" \/>\n\t<meta property=\"og:image:width\" content=\"1500\" \/>\n\t<meta property=\"og:image:height\" content=\"1000\" \/>\n\t<meta property=\"og:image:type\" content=\"image\/webp\" \/>\n<meta name=\"twitter:card\" content=\"summary_large_image\" \/>\n<meta name=\"twitter:label1\" content=\"Est. reading time\" \/>\n\t<meta name=\"twitter:data1\" content=\"2 minutes\" \/>\n<script type=\"application\/ld+json\" class=\"yoast-schema-graph\">{\"@context\":\"https:\/\/schema.org\",\"@graph\":[{\"@type\":\"WebPage\",\"@id\":\"https:\/\/www.camping-ametza.com\/en\/full-marks\/\",\"url\":\"https:\/\/www.camping-ametza.com\/en\/full-marks\/\",\"name\":\"Terms of use - Camping Ametza\",\"isPartOf\":{\"@id\":\"https:\/\/www.camping-ametza.com\/en\/#website\"},\"datePublished\":\"2024-01-03T09:46:34+00:00\",\"dateModified\":\"2024-01-10T13:24:28+00:00\",\"breadcrumb\":{\"@id\":\"https:\/\/www.camping-ametza.com\/en\/full-marks\/#breadcrumb\"},\"inLanguage\":\"en-US\",\"potentialAction\":[{\"@type\":\"ReadAction\",\"target\":[\"https:\/\/www.camping-ametza.com\/en\/full-marks\/\"]}]},{\"@type\":\"BreadcrumbList\",\"@id\":\"https:\/\/www.camping-ametza.com\/en\/full-marks\/#breadcrumb\",\"itemListElement\":[{\"@type\":\"ListItem\",\"position\":1,\"name\":\"Camping Hendaye, au Pays basque\",\"item\":\"https:\/\/www.camping-ametza.com\/en\/\"},{\"@type\":\"ListItem\",\"position\":2,\"name\":\"Terms of use\"}]},{\"@type\":\"WebSite\",\"@id\":\"https:\/\/www.camping-ametza.com\/en\/#website\",\"url\":\"https:\/\/www.camping-ametza.com\/en\/\",\"name\":\"Camping Ametza\",\"description\":\"Ametza, ensemble autrement\",\"publisher\":{\"@id\":\"https:\/\/www.camping-ametza.com\/en\/#organization\"},\"alternateName\":\"Ametza\",\"potentialAction\":[{\"@type\":\"SearchAction\",\"target\":{\"@type\":\"EntryPoint\",\"urlTemplate\":\"https:\/\/www.camping-ametza.com\/en\/?s={search_term_string}\"},\"query-input\":{\"@type\":\"PropertyValueSpecification\",\"valueRequired\":true,\"valueName\":\"search_term_string\"}}],\"inLanguage\":\"en-US\"},{\"@type\":\"Organization\",\"@id\":\"https:\/\/www.camping-ametza.com\/en\/#organization\",\"name\":\"Camping Ametza\",\"alternateName\":\"Ametza\",\"url\":\"https:\/\/www.camping-ametza.com\/en\/\",\"logo\":{\"@type\":\"ImageObject\",\"inLanguage\":\"en-US\",\"@id\":\"https:\/\/www.camping-ametza.com\/en\/#\/schema\/logo\/image\/\",\"url\":\"https:\/\/www.camping-ametza.com\/wp-content\/uploads\/2023\/11\/logo-camping-ametza-1.webp\",\"contentUrl\":\"https:\/\/www.camping-ametza.com\/wp-content\/uploads\/2023\/11\/logo-camping-ametza-1.webp\",\"width\":296,\"height\":296,\"caption\":\"Camping Ametza\"},\"image\":{\"@id\":\"https:\/\/www.camping-ametza.com\/en\/#\/schema\/logo\/image\/\"},\"sameAs\":[\"https:\/\/www.facebook.com\/camping.ametza\"]}]}<\/script>\n<!-- \/ Yoast SEO plugin. -->","yoast_head_json":{"title":"Terms of use - Camping Ametza","robots":{"index":"index","follow":"follow","max-snippet":"max-snippet:-1","max-image-preview":"max-image-preview:large","max-video-preview":"max-video-preview:-1"},"canonical":"https:\/\/www.camping-ametza.com\/en\/full-marks\/","og_locale":"en_US","og_type":"article","og_title":"Terms of use - Camping Ametza","og_url":"https:\/\/www.camping-ametza.com\/en\/full-marks\/","og_site_name":"Camping Ametza","article_publisher":"https:\/\/www.facebook.com\/camping.ametza","article_modified_time":"2024-01-10T13:24:28+00:00","og_image":[{"width":1500,"height":1000,"url":"https:\/\/www.camping-ametza.com\/wp-content\/uploads\/2023\/11\/danses-basques-camping-ametza.webp","type":"image\/webp"}],"twitter_card":"summary_large_image","twitter_misc":{"Est. reading time":"2 minutes"},"schema":{"@context":"https:\/\/schema.org","@graph":[{"@type":"WebPage","@id":"https:\/\/www.camping-ametza.com\/en\/full-marks\/","url":"https:\/\/www.camping-ametza.com\/en\/full-marks\/","name":"Terms of use - Camping Ametza","isPartOf":{"@id":"https:\/\/www.camping-ametza.com\/en\/#website"},"datePublished":"2024-01-03T09:46:34+00:00","dateModified":"2024-01-10T13:24:28+00:00","breadcrumb":{"@id":"https:\/\/www.camping-ametza.com\/en\/full-marks\/#breadcrumb"},"inLanguage":"en-US","potentialAction":[{"@type":"ReadAction","target":["https:\/\/www.camping-ametza.com\/en\/full-marks\/"]}]},{"@type":"BreadcrumbList","@id":"https:\/\/www.camping-ametza.com\/en\/full-marks\/#breadcrumb","itemListElement":[{"@type":"ListItem","position":1,"name":"Camping Hendaye, au Pays basque","item":"https:\/\/www.camping-ametza.com\/en\/"},{"@type":"ListItem","position":2,"name":"Terms of use"}]},{"@type":"WebSite","@id":"https:\/\/www.camping-ametza.com\/en\/#website","url":"https:\/\/www.camping-ametza.com\/en\/","name":"Camping Ametza","description":"Ametza, ensemble autrement","publisher":{"@id":"https:\/\/www.camping-ametza.com\/en\/#organization"},"alternateName":"Ametza","potentialAction":[{"@type":"SearchAction","target":{"@type":"EntryPoint","urlTemplate":"https:\/\/www.camping-ametza.com\/en\/?s={search_term_string}"},"query-input":{"@type":"PropertyValueSpecification","valueRequired":true,"valueName":"search_term_string"}}],"inLanguage":"en-US"},{"@type":"Organization","@id":"https:\/\/www.camping-ametza.com\/en\/#organization","name":"Camping Ametza","alternateName":"Ametza","url":"https:\/\/www.camping-ametza.com\/en\/","logo":{"@type":"ImageObject","inLanguage":"en-US","@id":"https:\/\/www.camping-ametza.com\/en\/#\/schema\/logo\/image\/","url":"https:\/\/www.camping-ametza.com\/wp-content\/uploads\/2023\/11\/logo-camping-ametza-1.webp","contentUrl":"https:\/\/www.camping-ametza.com\/wp-content\/uploads\/2023\/11\/logo-camping-ametza-1.webp","width":296,"height":296,"caption":"Camping Ametza"},"image":{"@id":"https:\/\/www.camping-ametza.com\/en\/#\/schema\/logo\/image\/"},"sameAs":["https:\/\/www.facebook.com\/camping.ametza"]}]}},"_links":{"self":[{"href":"https:\/\/www.camping-ametza.com\/en\/wp-json\/wp\/v2\/pages\/24035","targetHints":{"allow":["GET"]}}],"collection":[{"href":"https:\/\/www.camping-ametza.com\/en\/wp-json\/wp\/v2\/pages"}],"about":[{"href":"https:\/\/www.camping-ametza.com\/en\/wp-json\/wp\/v2\/types\/page"}],"author":[{"embeddable":true,"href":"https:\/\/www.camping-ametza.com\/en\/wp-json\/wp\/v2\/users\/1"}],"replies":[{"embeddable":true,"href":"https:\/\/www.camping-ametza.com\/en\/wp-json\/wp\/v2\/comments?post=24035"}],"version-history":[{"count":7,"href":"https:\/\/www.camping-ametza.com\/en\/wp-json\/wp\/v2\/pages\/24035\/revisions"}],"predecessor-version":[{"id":25302,"href":"https:\/\/www.camping-ametza.com\/en\/wp-json\/wp\/v2\/pages\/24035\/revisions\/25302"}],"wp:attachment":[{"href":"https:\/\/www.camping-ametza.com\/en\/wp-json\/wp\/v2\/media?parent=24035"}],"wp:term":[{"taxonomy":"sujet","embeddable":true,"href":"https:\/\/www.camping-ametza.com\/en\/wp-json\/wp\/v2\/sujet?post=24035"}],"curies":[{"name":"wp","href":"https:\/\/api.w.org\/{rel}","templated":true}]}}