{"id":22704,"date":"2023-12-28T14:40:27","date_gmt":"2023-12-28T13:40:27","guid":{"rendered":"https:\/\/www.camping-ametza.com\/le-camping\/documentos\/"},"modified":"2026-02-20T13:01:21","modified_gmt":"2026-02-20T12:01:21","slug":"documentos","status":"publish","type":"page","link":"https:\/\/www.camping-ametza.com\/es\/camping-familiar-en-el-pais-vasco\/documentos\/","title":{"rendered":"Documentos para su estancia"},"content":{"rendered":"<section id=\"ls-section-block_a23597cdbfb78ca9268790b576999b77\" class=\"ls-section  page-one\" >\r\n        <div class=\"container container--wide\">\r\n        \n\n<div class=\"wp-block-columns are-vertically-aligned-center is-layout-flex wp-container-core-columns-is-layout-9d6595d7 wp-block-columns-is-layout-flex\">\n<div class=\"wp-block-column is-vertically-aligned-center column-parallax is-layout-flow wp-block-column-is-layout-flow\" style=\"flex-basis:60%\">\n<figure class=\"wp-block-gallery has-nested-images columns-default is-cropped wp-block-gallery-1 is-layout-flex wp-block-gallery-is-layout-flex\">\n<figure class=\"wp-block-image size-full\"><a href=\"https:\/\/www.camping-ametza.com\/wp-content\/uploads\/2023\/12\/acheter-mobil-home-pays-basque.jpg\"><img decoding=\"async\" width=\"800\" height=\"533\" data-id=\"14627\" src=\"https:\/\/www.camping-ametza.com\/wp-content\/uploads\/2023\/12\/acheter-mobil-home-pays-basque.jpg\" alt=\"comprar mobil home pa\u00eds vasco\" class=\"wp-image-14627\" srcset=\"https:\/\/www.camping-ametza.com\/wp-content\/uploads\/2023\/12\/acheter-mobil-home-pays-basque.jpg 800w, https:\/\/www.camping-ametza.com\/wp-content\/uploads\/2023\/12\/acheter-mobil-home-pays-basque-300x200.jpg 300w, https:\/\/www.camping-ametza.com\/wp-content\/uploads\/2023\/12\/acheter-mobil-home-pays-basque-768x512.jpg 768w\" sizes=\"(max-width: 800px) 100vw, 800px\" \/><\/a><\/figure>\n\n\n\n<figure class=\"wp-block-image size-full\"><a href=\"https:\/\/www.camping-ametza.com\/wp-content\/uploads\/2023\/12\/vacances-camping-pays-basqur-valise-affaires-scaled.webp\"><img decoding=\"async\" width=\"2560\" height=\"1440\" data-id=\"16165\" src=\"https:\/\/www.camping-ametza.com\/wp-content\/uploads\/2023\/12\/vacances-camping-pays-basqur-valise-affaires-scaled.webp\" alt=\"vacances camping pays basqur valise affaires\" class=\"wp-image-16165\" srcset=\"https:\/\/www.camping-ametza.com\/wp-content\/uploads\/2023\/12\/vacances-camping-pays-basqur-valise-affaires-scaled.webp 2560w, https:\/\/www.camping-ametza.com\/wp-content\/uploads\/2023\/12\/vacances-camping-pays-basqur-valise-affaires-300x169.webp 300w, https:\/\/www.camping-ametza.com\/wp-content\/uploads\/2023\/12\/vacances-camping-pays-basqur-valise-affaires-1024x576.webp 1024w, https:\/\/www.camping-ametza.com\/wp-content\/uploads\/2023\/12\/vacances-camping-pays-basqur-valise-affaires-768x432.webp 768w, https:\/\/www.camping-ametza.com\/wp-content\/uploads\/2023\/12\/vacances-camping-pays-basqur-valise-affaires-1536x864.webp 1536w, https:\/\/www.camping-ametza.com\/wp-content\/uploads\/2023\/12\/vacances-camping-pays-basqur-valise-affaires-2048x1152.webp 2048w\" sizes=\"(max-width: 2560px) 100vw, 2560px\" \/><\/a><\/figure>\n<\/figure>\n<\/div>\n\n\n\n<div class=\"wp-block-column is-vertically-aligned-center has-color-3-background-color has-background is-layout-flow wp-block-column-is-layout-flow\" style=\"flex-basis:40%\">\n<h2 class=\"ls__heading wp-block-heading\"><strong>F\u00e1cil acceso<\/strong> a toda la informaci\u00f3n esencial<\/h2>\n\n\n\n<p class=\"ls-paragraph\">Bienvenido a nuestra p\u00e1gina \u00ab<strong>Documentos de vacaciones<\/strong>\u00ab, donde encontrar\u00e1 todo lo necesario para organizar sus vacaciones en el Camping Ametza.<\/p>\n\n\n\n<p class=\"ls-paragraph\">Tanto si est\u00e1 planeando su primera visita como si es un visitante habitual de nuestro camping, esta p\u00e1gina es su punto de partida para una estancia satisfactoria y sin preocupaciones.<\/p>\n\n\n\n<p class=\"ls-paragraph\">Hemos reunido aqu\u00ed una serie de documentos importantes para ayudarle a preparar su estancia.<\/p>\n<\/div>\n<\/div>\n\n\r\n    <\/div>\r\n<\/section>\n\n<section id=\"ls-section-block_bb1ca2c47b0d77909b8e2290a7bfd86a\" class=\"ls-section  page-four\" >\r\n        <div class=\"container \">\r\n        \n\n<div id=\"ls-heading ls-titre-div-block_22560c97d6d7f17c830987d5155214cc\" class=\"ls-titre-div aligncenter h1-like\" >\n    <strong>Documentaci\u00f3n<\/strong> <span>Camping Ametza<\/span><\/div>\n\n\n\n<p class=\"ls-paragraph has-text-align-center\">Consulte <a href=\"https:\/\/www.camping-ametza.com\/wp-content\/uploads\/2023\/11\/TARIFS-2026-ILLUSTRATOR-bd.pdf\" target=\"_blank\" rel=\"noreferrer noopener\">nuestras tarifas <\/a>para planificar su estancia seg\u00fan su presupuesto.<br>El <a href=\"https:\/\/www.camping-ametza.com\/wp-content\/uploads\/2023\/11\/Plan-Internet-2026.pdf\" target=\"_blank\" rel=\"noreferrer noopener\">plano del camping<\/a> le ayudar\u00e1 a orientarse nada m\u00e1s llegar y a elegir la ubicaci\u00f3n ideal para su alojamiento.<br>Para aquellos que est\u00e9n pensando en adquirir una segunda residencia con nosotros, el folleto <a href=\"https:\/\/www.camping-ametza.com\/wp-content\/uploads\/2023\/12\/BROCHURE-MH-VENTE-Camping-Ametza.pdf\" target=\"_blank\" rel=\"noreferrer noopener\">\u00abConvi\u00e9rtase en propietario\u00bb<\/a> ofrece una visi\u00f3n general de las oportunidades y ventajas disponibles.<\/p>\n\n\n\n<p class=\"ls-paragraph has-text-align-center\"><br>Adem\u00e1s, es esencial que te familiarices con <a href=\"https:\/\/www.camping-ametza.com\/wp-content\/uploads\/2023\/11\/Reglement-Interieur-2026-ES-1.pdf\" target=\"_blank\" rel=\"noreferrer noopener\">las normas de nuestra casa<\/a> y las <a href=\"https:\/\/www.camping-ametza.com\/wp-content\/uploads\/2023\/11\/Conditions-Generales-de-Vente-2026-ESP-1.pdf\" target=\"_blank\" rel=\"noreferrer noopener\">condiciones generales de venta<\/a> para garantizar una estancia segura y agradable. Para mayor tranquilidad, pregunta por <a href=\"https:\/\/www.camping-ametza.com\/wp-content\/uploads\/2023\/11\/FIC-IPID-CGA-ES-240925-compresse.pdf\" target=\"_blank\" rel=\"noreferrer noopener\">nuestro seguro de cancelaci\u00f3n<\/a>, que te protege contra imprevistos.<\/p>\n\n\r\n    <\/div>\r\n<\/section>\n\n<section id=\"ls-section-block_28e2446eb8752b0235765d8e54c705fe\" class=\"ls-section  home-third has-background has-color-3-background-color\" >\r\n        <div class=\"container container--wide\">\r\n        \n\n<div id=\"ls-heading ls-titre-div-block_31484df499e24243952ababe86f75634\" class=\"ls-titre-div h1-like\" >\n    <strong>Documentos<\/strong> <span>estancia<\/span><\/div>\n\n\n\r\n<div id=\"ls-cta-block_748378ab4a18b3ce72d7ac8bfaefb129\" class=\"ls-cta cta-1 animated fadeIn slow\">  \r\n    \n\n<a href=\"https:\/\/www.camping-ametza.com\/wp-content\/uploads\/2023\/11\/Reglement-Interieur-2026-ES-1.pdf\" target=\"_blank\" rel=\"noopener\" class=\"ls-cta__link\">\n\n\t<div class=\"ls-cta__image\"><img decoding=\"async\" src=\"https:\/\/www.camping-ametza.com\/wp-content\/uploads\/2023\/12\/reglement-interieur-camping-ametza-culture-basque-scaled.webp\" alt=\"reglamento del camping ametza cultura vasca\"><\/div>\n\n\t<div class=\"ls-cta__content\">\n\t\t<div class=\"ls-cta__title\">\n\t\t\tReglamento interno\t\t<\/div>\n\n\t\t\t<\/div>\n\n<\/a><\/div>\n\n\r\n<div id=\"ls-cta-block_d77f332b38bd25bb0a64c81be043b4d1\" class=\"ls-cta cta-2 animated fadeIn delay-100ms slow\">  \r\n    \n\n<a href=\"https:\/\/www.camping-ametza.com\/wp-content\/uploads\/2023\/11\/FIC-IPID-CGA-ES-240925-compresse.pdf\" target=\"_blank\" rel=\"noopener\" class=\"ls-cta__link\">\n\n\t<div class=\"ls-cta__image\"><img decoding=\"async\" src=\"https:\/\/www.camping-ametza.com\/wp-content\/uploads\/2023\/12\/camping-ametza-telechargez-application-scaled.webp\" alt=\"camping ametza descargar aplicaci\u00f3n\"><\/div>\n\n\t<div class=\"ls-cta__content\">\n\t\t<div class=\"ls-cta__title\">\n\t\t\tCampez Couvert\t\t<\/div>\n\n\t\t\t<\/div>\n\n<\/a><\/div>\n\n\r\n<div id=\"ls-cta-block_c39bf9d154b5e57a5b6011dfedff9285\" class=\"ls-cta cta-3 animated fadeIn delay-100ms slow\">  \r\n    \n\n<a href=\"https:\/\/www.camping-ametza.com\/wp-content\/uploads\/2023\/11\/TARIFS-2026-ILLUSTRATOR-bd.pdf\" target=\"_blank\" rel=\"noopener\" class=\"ls-cta__link\">\n\n\t<div class=\"ls-cta__image\"><img decoding=\"async\" src=\"https:\/\/www.camping-ametza.com\/wp-content\/uploads\/2023\/12\/tarifs-camping-ametza-hendaye-plage-pays-basque-scaled.webp\" alt=\"tarifas camping ametza hendaye plage pays basque\"><\/div>\n\n\t<div class=\"ls-cta__content\">\n\t\t<div class=\"ls-cta__title\">\n\t\t\tTarifas\t\t<\/div>\n\n\t\t\t<\/div>\n\n<\/a><\/div>\n\n\r\n<div id=\"ls-cta-block_83a4262f0dfacfb582e3a349aaaecf33\" class=\"ls-cta cta-4 animated fadeIn delay-100ms slow\">  \r\n    \n\n<a href=\"https:\/\/www.camping-ametza.com\/es\/camping-familiar-en-el-pais-vasco\/comprar-mobil-home-pais-vasco\/\" target=\"\" rel=\"noopener\" class=\"ls-cta__link\">\n\n\t<div class=\"ls-cta__image\"><img decoding=\"async\" src=\"https:\/\/www.camping-ametza.com\/wp-content\/uploads\/2023\/12\/acheter-mobil-home-pays-basque.jpg\" alt=\"comprar mobil home pa\u00eds vasco\"><\/div>\n\n\t<div class=\"ls-cta__content\">\n\t\t<div class=\"ls-cta__title\">\n\t\t\tDevenir propri\u00e9taire\t\t<\/div>\n\n\t\t\t<\/div>\n\n<\/a><\/div>\n\n\r\n<div id=\"ls-cta-block_f449407b403ceb4a0ab8315af8123531\" class=\"ls-cta cta-5 animated fadeIn delay-200ms slow\">  \r\n    \n\n<a href=\"https:\/\/www.camping-ametza.com\/wp-content\/uploads\/2023\/11\/Conditions-Generales-de-Vente-2026-ESP-1.pdf\" target=\"_blank\" rel=\"noopener\" class=\"ls-cta__link\">\n\n\t<div class=\"ls-cta__image\"><img decoding=\"async\" src=\"https:\/\/www.camping-ametza.com\/wp-content\/uploads\/2023\/12\/CGV-camping-ametza-hendaye-pays-basque-nature-animaux-scaled.webp\" alt=\"CGV camping ametza hendaye pays basque naturaleza animales\"><\/div>\n\n\t<div class=\"ls-cta__content\">\n\t\t<div class=\"ls-cta__title\">\n\t\t\tCONDICIONES GENERALES\t\t<\/div>\n\n\t\t\t<\/div>\n\n<\/a><\/div>\n\n\r\n<div id=\"ls-cta-block_e278b5e4d723b69bd0fce0a03334a419\" class=\"ls-cta cta-6 animated fadeIn delay-200ms slower\">  \r\n    \n\n<a href=\"https:\/\/www.camping-ametza.com\/wp-content\/uploads\/2023\/11\/Plan-Internet-2026.pdf\" target=\"_blank\" rel=\"noopener\" class=\"ls-cta__link\">\n\n\t<div class=\"ls-cta__image\"><img decoding=\"async\" src=\"https:\/\/www.camping-ametza.com\/wp-content\/uploads\/2023\/12\/activites-pour-enfants-camping-ametza-hendaye.webp\" alt=\"actividades para ni\u00f1os camping ametza hendaye\"><\/div>\n\n\t<div class=\"ls-cta__content\">\n\t\t<div class=\"ls-cta__title\">\n\t\t\tMapa del camping\t\t<\/div>\n\n\t\t\t<\/div>\n\n<\/a><\/div>\n\r\n    <\/div>\r\n<\/section>\n\n<section id=\"ls-section-block_bb1ca2c47b0d77909b8e2290a7bfd86a\" class=\"ls-section  page-four\" >\r\n        <div class=\"container \">\r\n        \n\n<div id=\"ls-heading ls-titre-div-block_693b641df853fc6760a27e33562e264c\" class=\"ls-titre-div aligncenter h1-like\" >\n    <strong>Descargar<\/strong> <span>la aplicaci\u00f3n m\u00f3vil<\/span> <em>Ametza<\/em><\/div>\n\n\n\n<p class=\"ls-paragraph has-text-align-center\">Y para una experiencia a\u00fan m\u00e1s fluida, no olvides descargar la aplicaci\u00f3n Ametza. Re\u00fane todos estos documentos y mucha m\u00e1s informaci\u00f3n \u00fatil, d\u00e1ndole todas las claves que necesita para una estancia memorable. La aplicaci\u00f3n es <strong>una gu\u00eda pr\u00e1ctica con toda la informaci\u00f3n importante<\/strong> que necesita, desde la reserva hasta el descubrimiento de las actividades y servicios que se ofrecen.<\/p>\n\n\n\n<p class=\"ls-paragraph has-text-align-center\">Prepare su aventura en el Camping Ametza con facilidad y confianza utilizando los recursos disponibles en esta p\u00e1gina. Estamos deseando darle la bienvenida y ofrecerle unas vacaciones excepcionales.<\/p>\n\n\n<div class=\"wp-block-image\">\n<figure class=\"aligncenter size-full\"><img decoding=\"async\" width=\"980\" height=\"590\" src=\"https:\/\/www.camping-ametza.com\/wp-content\/uploads\/2023\/12\/scan-code-qr-telechargez-application-ametza.webp\" alt=\"escanear c\u00f3digo qr descargar aplicaci\u00f3n ametza\" class=\"wp-image-15329\" srcset=\"https:\/\/www.camping-ametza.com\/wp-content\/uploads\/2023\/12\/scan-code-qr-telechargez-application-ametza.webp 980w, https:\/\/www.camping-ametza.com\/wp-content\/uploads\/2023\/12\/scan-code-qr-telechargez-application-ametza-300x181.webp 300w, https:\/\/www.camping-ametza.com\/wp-content\/uploads\/2023\/12\/scan-code-qr-telechargez-application-ametza-768x462.webp 768w\" sizes=\"(max-width: 980px) 100vw, 980px\" \/><\/figure>\n<\/div>\n\r\n    <\/div>\r\n<\/section>","protected":false},"excerpt":{"rendered":"","protected":false},"author":1,"featured_media":16174,"parent":22614,"menu_order":0,"comment_status":"closed","ping_status":"closed","template":"","meta":{"_acf_changed":false,"footnotes":""},"sujet":[],"class_list":["post-22704","page","type-page","status-publish","has-post-thumbnail","hentry"],"acf":[],"yoast_head":"<!-- This site is optimized with the Yoast SEO plugin v25.3 - https:\/\/yoast.com\/wordpress\/plugins\/seo\/ -->\n<title>Los documentos importantes para su estancia en el camping Ametza.<\/title>\n<meta name=\"robots\" content=\"index, follow, max-snippet:-1, max-image-preview:large, max-video-preview:-1\" \/>\n<link rel=\"canonical\" href=\"https:\/\/www.camping-ametza.com\/es\/camping-familiar-en-el-pais-vasco\/documentos\/\" \/>\n<meta property=\"og:locale\" content=\"es_ES\" \/>\n<meta property=\"og:type\" content=\"article\" \/>\n<meta property=\"og:title\" content=\"Los documentos importantes para su estancia en el camping Ametza.\" \/>\n<meta property=\"og:url\" content=\"https:\/\/www.camping-ametza.com\/es\/camping-familiar-en-el-pais-vasco\/documentos\/\" \/>\n<meta property=\"og:site_name\" content=\"Camping Ametza\" \/>\n<meta property=\"article:publisher\" content=\"https:\/\/www.facebook.com\/camping.ametza\" \/>\n<meta property=\"article:modified_time\" content=\"2026-02-20T12:01:21+00:00\" \/>\n<meta property=\"og:image\" content=\"https:\/\/www.camping-ametza.com\/wp-content\/uploads\/2023\/12\/HEADER-DOC-SEJOUR-camping-ametza-scaled.webp\" \/>\n\t<meta property=\"og:image:width\" content=\"2560\" \/>\n\t<meta property=\"og:image:height\" content=\"1440\" \/>\n\t<meta property=\"og:image:type\" content=\"image\/webp\" \/>\n<meta name=\"twitter:card\" content=\"summary_large_image\" \/>\n<meta name=\"twitter:label1\" content=\"Tiempo de lectura\" \/>\n\t<meta name=\"twitter:data1\" content=\"3 minutos\" \/>\n<script type=\"application\/ld+json\" class=\"yoast-schema-graph\">{\"@context\":\"https:\/\/schema.org\",\"@graph\":[{\"@type\":\"WebPage\",\"@id\":\"https:\/\/www.camping-ametza.com\/es\/camping-familiar-en-el-pais-vasco\/documentos\/\",\"url\":\"https:\/\/www.camping-ametza.com\/es\/camping-familiar-en-el-pais-vasco\/documentos\/\",\"name\":\"Los documentos importantes para su estancia en el camping Ametza.\",\"isPartOf\":{\"@id\":\"https:\/\/www.camping-ametza.com\/es\/#website\"},\"primaryImageOfPage\":{\"@id\":\"https:\/\/www.camping-ametza.com\/es\/camping-familiar-en-el-pais-vasco\/documentos\/#primaryimage\"},\"image\":{\"@id\":\"https:\/\/www.camping-ametza.com\/es\/camping-familiar-en-el-pais-vasco\/documentos\/#primaryimage\"},\"thumbnailUrl\":\"https:\/\/www.camping-ametza.com\/wp-content\/uploads\/2023\/12\/HEADER-DOC-SEJOUR-camping-ametza-scaled.webp\",\"datePublished\":\"2023-12-28T13:40:27+00:00\",\"dateModified\":\"2026-02-20T12:01:21+00:00\",\"breadcrumb\":{\"@id\":\"https:\/\/www.camping-ametza.com\/es\/camping-familiar-en-el-pais-vasco\/documentos\/#breadcrumb\"},\"inLanguage\":\"es\",\"potentialAction\":[{\"@type\":\"ReadAction\",\"target\":[\"https:\/\/www.camping-ametza.com\/es\/camping-familiar-en-el-pais-vasco\/documentos\/\"]}]},{\"@type\":\"ImageObject\",\"inLanguage\":\"es\",\"@id\":\"https:\/\/www.camping-ametza.com\/es\/camping-familiar-en-el-pais-vasco\/documentos\/#primaryimage\",\"url\":\"https:\/\/www.camping-ametza.com\/wp-content\/uploads\/2023\/12\/HEADER-DOC-SEJOUR-camping-ametza-scaled.webp\",\"contentUrl\":\"https:\/\/www.camping-ametza.com\/wp-content\/uploads\/2023\/12\/HEADER-DOC-SEJOUR-camping-ametza-scaled.webp\",\"width\":2560,\"height\":1440,\"caption\":\"CABECERA DOC STAY camping ametza\"},{\"@type\":\"BreadcrumbList\",\"@id\":\"https:\/\/www.camping-ametza.com\/es\/camping-familiar-en-el-pais-vasco\/documentos\/#breadcrumb\",\"itemListElement\":[{\"@type\":\"ListItem\",\"position\":1,\"name\":\"Camping Hendaye, au Pays basque\",\"item\":\"https:\/\/www.camping-ametza.com\/es\/\"},{\"@type\":\"ListItem\",\"position\":2,\"name\":\"Camping familiar de Hendaya\",\"item\":\"https:\/\/www.camping-ametza.com\/es\/camping-familiar-en-el-pais-vasco\/\"},{\"@type\":\"ListItem\",\"position\":3,\"name\":\"Documentos para su estancia\"}]},{\"@type\":\"WebSite\",\"@id\":\"https:\/\/www.camping-ametza.com\/es\/#website\",\"url\":\"https:\/\/www.camping-ametza.com\/es\/\",\"name\":\"Camping Ametza\",\"description\":\"Ametza, ensemble autrement\",\"publisher\":{\"@id\":\"https:\/\/www.camping-ametza.com\/es\/#organization\"},\"alternateName\":\"Ametza\",\"potentialAction\":[{\"@type\":\"SearchAction\",\"target\":{\"@type\":\"EntryPoint\",\"urlTemplate\":\"https:\/\/www.camping-ametza.com\/es\/?s={search_term_string}\"},\"query-input\":{\"@type\":\"PropertyValueSpecification\",\"valueRequired\":true,\"valueName\":\"search_term_string\"}}],\"inLanguage\":\"es\"},{\"@type\":\"Organization\",\"@id\":\"https:\/\/www.camping-ametza.com\/es\/#organization\",\"name\":\"Camping Ametza\",\"alternateName\":\"Ametza\",\"url\":\"https:\/\/www.camping-ametza.com\/es\/\",\"logo\":{\"@type\":\"ImageObject\",\"inLanguage\":\"es\",\"@id\":\"https:\/\/www.camping-ametza.com\/es\/#\/schema\/logo\/image\/\",\"url\":\"https:\/\/www.camping-ametza.com\/wp-content\/uploads\/2023\/11\/logo-camping-ametza-1.webp\",\"contentUrl\":\"https:\/\/www.camping-ametza.com\/wp-content\/uploads\/2023\/11\/logo-camping-ametza-1.webp\",\"width\":296,\"height\":296,\"caption\":\"Camping Ametza\"},\"image\":{\"@id\":\"https:\/\/www.camping-ametza.com\/es\/#\/schema\/logo\/image\/\"},\"sameAs\":[\"https:\/\/www.facebook.com\/camping.ametza\"]}]}<\/script>\n<!-- \/ Yoast SEO plugin. -->","yoast_head_json":{"title":"Los documentos importantes para su estancia en el camping Ametza.","robots":{"index":"index","follow":"follow","max-snippet":"max-snippet:-1","max-image-preview":"max-image-preview:large","max-video-preview":"max-video-preview:-1"},"canonical":"https:\/\/www.camping-ametza.com\/es\/camping-familiar-en-el-pais-vasco\/documentos\/","og_locale":"es_ES","og_type":"article","og_title":"Los documentos importantes para su estancia en el camping Ametza.","og_url":"https:\/\/www.camping-ametza.com\/es\/camping-familiar-en-el-pais-vasco\/documentos\/","og_site_name":"Camping Ametza","article_publisher":"https:\/\/www.facebook.com\/camping.ametza","article_modified_time":"2026-02-20T12:01:21+00:00","og_image":[{"width":2560,"height":1440,"url":"https:\/\/www.camping-ametza.com\/wp-content\/uploads\/2023\/12\/HEADER-DOC-SEJOUR-camping-ametza-scaled.webp","type":"image\/webp"}],"twitter_card":"summary_large_image","twitter_misc":{"Tiempo de lectura":"3 minutos"},"schema":{"@context":"https:\/\/schema.org","@graph":[{"@type":"WebPage","@id":"https:\/\/www.camping-ametza.com\/es\/camping-familiar-en-el-pais-vasco\/documentos\/","url":"https:\/\/www.camping-ametza.com\/es\/camping-familiar-en-el-pais-vasco\/documentos\/","name":"Los documentos importantes para su estancia en el camping Ametza.","isPartOf":{"@id":"https:\/\/www.camping-ametza.com\/es\/#website"},"primaryImageOfPage":{"@id":"https:\/\/www.camping-ametza.com\/es\/camping-familiar-en-el-pais-vasco\/documentos\/#primaryimage"},"image":{"@id":"https:\/\/www.camping-ametza.com\/es\/camping-familiar-en-el-pais-vasco\/documentos\/#primaryimage"},"thumbnailUrl":"https:\/\/www.camping-ametza.com\/wp-content\/uploads\/2023\/12\/HEADER-DOC-SEJOUR-camping-ametza-scaled.webp","datePublished":"2023-12-28T13:40:27+00:00","dateModified":"2026-02-20T12:01:21+00:00","breadcrumb":{"@id":"https:\/\/www.camping-ametza.com\/es\/camping-familiar-en-el-pais-vasco\/documentos\/#breadcrumb"},"inLanguage":"es","potentialAction":[{"@type":"ReadAction","target":["https:\/\/www.camping-ametza.com\/es\/camping-familiar-en-el-pais-vasco\/documentos\/"]}]},{"@type":"ImageObject","inLanguage":"es","@id":"https:\/\/www.camping-ametza.com\/es\/camping-familiar-en-el-pais-vasco\/documentos\/#primaryimage","url":"https:\/\/www.camping-ametza.com\/wp-content\/uploads\/2023\/12\/HEADER-DOC-SEJOUR-camping-ametza-scaled.webp","contentUrl":"https:\/\/www.camping-ametza.com\/wp-content\/uploads\/2023\/12\/HEADER-DOC-SEJOUR-camping-ametza-scaled.webp","width":2560,"height":1440,"caption":"CABECERA DOC STAY camping ametza"},{"@type":"BreadcrumbList","@id":"https:\/\/www.camping-ametza.com\/es\/camping-familiar-en-el-pais-vasco\/documentos\/#breadcrumb","itemListElement":[{"@type":"ListItem","position":1,"name":"Camping Hendaye, au Pays basque","item":"https:\/\/www.camping-ametza.com\/es\/"},{"@type":"ListItem","position":2,"name":"Camping familiar de Hendaya","item":"https:\/\/www.camping-ametza.com\/es\/camping-familiar-en-el-pais-vasco\/"},{"@type":"ListItem","position":3,"name":"Documentos para su estancia"}]},{"@type":"WebSite","@id":"https:\/\/www.camping-ametza.com\/es\/#website","url":"https:\/\/www.camping-ametza.com\/es\/","name":"Camping Ametza","description":"Ametza, ensemble autrement","publisher":{"@id":"https:\/\/www.camping-ametza.com\/es\/#organization"},"alternateName":"Ametza","potentialAction":[{"@type":"SearchAction","target":{"@type":"EntryPoint","urlTemplate":"https:\/\/www.camping-ametza.com\/es\/?s={search_term_string}"},"query-input":{"@type":"PropertyValueSpecification","valueRequired":true,"valueName":"search_term_string"}}],"inLanguage":"es"},{"@type":"Organization","@id":"https:\/\/www.camping-ametza.com\/es\/#organization","name":"Camping Ametza","alternateName":"Ametza","url":"https:\/\/www.camping-ametza.com\/es\/","logo":{"@type":"ImageObject","inLanguage":"es","@id":"https:\/\/www.camping-ametza.com\/es\/#\/schema\/logo\/image\/","url":"https:\/\/www.camping-ametza.com\/wp-content\/uploads\/2023\/11\/logo-camping-ametza-1.webp","contentUrl":"https:\/\/www.camping-ametza.com\/wp-content\/uploads\/2023\/11\/logo-camping-ametza-1.webp","width":296,"height":296,"caption":"Camping Ametza"},"image":{"@id":"https:\/\/www.camping-ametza.com\/es\/#\/schema\/logo\/image\/"},"sameAs":["https:\/\/www.facebook.com\/camping.ametza"]}]}},"_links":{"self":[{"href":"https:\/\/www.camping-ametza.com\/es\/wp-json\/wp\/v2\/pages\/22704","targetHints":{"allow":["GET"]}}],"collection":[{"href":"https:\/\/www.camping-ametza.com\/es\/wp-json\/wp\/v2\/pages"}],"about":[{"href":"https:\/\/www.camping-ametza.com\/es\/wp-json\/wp\/v2\/types\/page"}],"author":[{"embeddable":true,"href":"https:\/\/www.camping-ametza.com\/es\/wp-json\/wp\/v2\/users\/1"}],"replies":[{"embeddable":true,"href":"https:\/\/www.camping-ametza.com\/es\/wp-json\/wp\/v2\/comments?post=22704"}],"version-history":[{"count":30,"href":"https:\/\/www.camping-ametza.com\/es\/wp-json\/wp\/v2\/pages\/22704\/revisions"}],"predecessor-version":[{"id":27912,"href":"https:\/\/www.camping-ametza.com\/es\/wp-json\/wp\/v2\/pages\/22704\/revisions\/27912"}],"up":[{"embeddable":true,"href":"https:\/\/www.camping-ametza.com\/es\/wp-json\/wp\/v2\/pages\/22614"}],"wp:featuredmedia":[{"embeddable":true,"href":"https:\/\/www.camping-ametza.com\/es\/wp-json\/wp\/v2\/media\/16174"}],"wp:attachment":[{"href":"https:\/\/www.camping-ametza.com\/es\/wp-json\/wp\/v2\/media?parent=22704"}],"wp:term":[{"taxonomy":"sujet","embeddable":true,"href":"https:\/\/www.camping-ametza.com\/es\/wp-json\/wp\/v2\/sujet?post=22704"}],"curies":[{"name":"wp","href":"https:\/\/api.w.org\/{rel}","templated":true}]}}