{"id":24039,"date":"2024-01-03T10:46:35","date_gmt":"2024-01-03T09:46:35","guid":{"rendered":"https:\/\/www.camping-ametza.com\/nota-maxima\/"},"modified":"2024-01-10T14:24:28","modified_gmt":"2024-01-10T13:24:28","slug":"menciones-legales","status":"publish","type":"page","link":"https:\/\/www.camping-ametza.com\/es\/menciones-legales\/","title":{"rendered":"Menciones legales"},"content":{"rendered":"<section id=\"ls-section-block_2d7cbf9e110f39124b00b1dd94040f96\" class=\"ls-section \" >\r\n        <div class=\"container \">\r\n        \n\n<h2 class=\"ls__heading wp-block-heading has-text-align-center\">EDITOR DEL SITIO WEB<\/h2>\n\n\n\n<p class=\"ls-paragraph has-text-align-center\"><strong>CAMPING AMETZA<br\/><\/strong>Direcci\u00f3n: 156 Boulevard de l&#8217;Empereur &#8211; 64700 Hendaye<br\/>Tel : 05 59 20 07 05<br\/>Correo electr\u00f3nico: contact@camping-ametza.com<br\/>SIRET: 327 853 164 000 17<br\/>Director de la publicaci\u00f3n: St\u00e9phane ALZAT\u00c9<\/p>\n\n\n\n<h2 class=\"ls__heading wp-block-heading has-text-align-center\">PRODUCCI\u00d3N<\/h2>\n\n\n\n<p class=\"ls-paragraph has-text-align-center\"><strong>GEEK TONIC<\/strong>, representada por el Sr. Yohann Darmayan en calidad de Gerente<br\/>Domicilio social: 50 Avenue du Lac Marion 64200 Biarritz<br\/>Tel\u00e9fono: 05 32 74 11 52<br\/>Correo electr\u00f3nico: support@geek-tonic.com<br\/>P\u00e1gina web: <a href=\"https:\/\/www.geek-tonic.com\/\" target=\"_blank\" rel=\"noreferrer noopener\">www.geek-tonic.com<\/a><br\/>SIRET: 89746755100015<br\/>APE : 6201Z<\/p>\n\n\n\n<h2 class=\"ls__heading wp-block-heading has-text-align-center\">DERECHOS DE AUTOR Y COPYRIGHT<\/h2>\n\n\n\n<p class=\"ls-paragraph has-text-align-center\">Todo el contenido de este sitio est\u00e1 sujeto a derechos de autor y de propiedad intelectual seg\u00fan la legislaci\u00f3n francesa.<br\/>Queda prohibida cualquier reproducci\u00f3n (incluidas fotos, iconos y documentos descargables) sin el consentimiento previo de GEEK TONIC.<br\/>Queda prohibida la reproducci\u00f3n en un soporte electr\u00f3nico de la totalidad o parte del sitio en papel o formato electr\u00f3nico.<br\/>GEEK TONIC no asume responsabilidad alguna por el contenido del sitio web.<br\/>GEEK TONIC declina asimismo toda responsabilidad por los enlaces externos que apunten a este sitio.<\/p>\n\n\n\n<h2 class=\"ls__heading wp-block-heading has-text-align-center\">Datos personales e informaci\u00f3n nominativa<\/h2>\n\n\n\n<p class=\"ls-paragraph has-text-align-center\">Tiene derecho a acceder, modificar, rectificar y suprimir los datos que le conciernen de conformidad con el art\u00edculo 34 de la Ley francesa de protecci\u00f3n de datos (Loi \u00abInformatique et Libert\u00e9s\u00bb) n\u00ba 78-17 de 6 de enero de 1978, modificada el 6 de agosto de 2018.<br\/>Para ejercer su derecho de acceso, basta con enviar una solicitud por escrito al editor del sitio.<\/p>\n\n\n\n<h2 class=\"ls__heading wp-block-heading has-text-align-center\">LEGISLACI\u00d3N<\/h2>\n\n\n\n<p class=\"ls-paragraph has-text-align-center\">De conformidad con la ley de 11 de marzo de 1957 (art. 41) y el c\u00f3digo de la propiedad intelectual de 1 de julio de 1992, est\u00e1 prohibida la reproducci\u00f3n total o parcial del sitio sin autorizaci\u00f3n previa del editor del sitio.<br\/>Los logotipos, elementos visuales, fotos, v\u00eddeos, cuadros gr\u00e1ficos y textos son propiedad de sus respectivos due\u00f1os.<br\/>Este sitio puede, sin su conocimiento, haber sido vinculado a otros sitios a trav\u00e9s de enlaces hipermedia. El editor del sitio no acepta responsabilidad alguna por la informaci\u00f3n presentada en estos otros sitios.<br\/>Los internautas reconocen que el uso de este sitio se rige por la legislaci\u00f3n francesa.<\/p>\n\n\n\n<h2 class=\"ls__heading wp-block-heading has-text-align-center\">Derechos fotogr\u00e1ficos<\/h2>\n\n\n\n<p class=\"ls-paragraph has-text-align-center\">Henrii lcompte ; basil landreo ; office de tourisme saint pee sur nivelle ; Monbus ; La R\u00e9publique des Pyr\u00e9n\u00e9es ; SA Harrieta171 ; Marie-Aude ; dobra ; Josu Go\u00f1i Etxabe ; Ignacio Gavira ; Angelyoldi ; Javier Mediavilla Ezquibela ; MykReeve ;<\/p>\n\n\r\n    <\/div>\r\n<\/section>","protected":false},"excerpt":{"rendered":"","protected":false},"author":1,"featured_media":0,"parent":0,"menu_order":0,"comment_status":"closed","ping_status":"closed","template":"","meta":{"_acf_changed":false,"footnotes":""},"sujet":[],"class_list":["post-24039","page","type-page","status-publish","hentry"],"acf":[],"yoast_head":"<!-- This site is optimized with the Yoast SEO plugin v25.3 - https:\/\/yoast.com\/wordpress\/plugins\/seo\/ -->\n<title>Menciones legales - Camping Ametza<\/title>\n<meta name=\"robots\" content=\"index, follow, max-snippet:-1, max-image-preview:large, max-video-preview:-1\" \/>\n<link rel=\"canonical\" href=\"https:\/\/www.camping-ametza.com\/es\/menciones-legales\/\" \/>\n<meta property=\"og:locale\" content=\"es_ES\" \/>\n<meta property=\"og:type\" content=\"article\" \/>\n<meta property=\"og:title\" content=\"Menciones legales - Camping Ametza\" \/>\n<meta property=\"og:url\" content=\"https:\/\/www.camping-ametza.com\/es\/menciones-legales\/\" \/>\n<meta property=\"og:site_name\" content=\"Camping Ametza\" \/>\n<meta property=\"article:publisher\" content=\"https:\/\/www.facebook.com\/camping.ametza\" \/>\n<meta property=\"article:modified_time\" content=\"2024-01-10T13:24:28+00:00\" \/>\n<meta property=\"og:image\" content=\"https:\/\/www.camping-ametza.com\/wp-content\/uploads\/2023\/11\/danses-basques-camping-ametza.webp\" \/>\n\t<meta property=\"og:image:width\" content=\"1500\" \/>\n\t<meta property=\"og:image:height\" content=\"1000\" \/>\n\t<meta property=\"og:image:type\" content=\"image\/webp\" \/>\n<meta name=\"twitter:card\" content=\"summary_large_image\" \/>\n<meta name=\"twitter:label1\" content=\"Tiempo de lectura\" \/>\n\t<meta name=\"twitter:data1\" content=\"2 minutos\" \/>\n<script type=\"application\/ld+json\" class=\"yoast-schema-graph\">{\"@context\":\"https:\/\/schema.org\",\"@graph\":[{\"@type\":\"WebPage\",\"@id\":\"https:\/\/www.camping-ametza.com\/es\/menciones-legales\/\",\"url\":\"https:\/\/www.camping-ametza.com\/es\/menciones-legales\/\",\"name\":\"Menciones legales - Camping Ametza\",\"isPartOf\":{\"@id\":\"https:\/\/www.camping-ametza.com\/es\/#website\"},\"datePublished\":\"2024-01-03T09:46:35+00:00\",\"dateModified\":\"2024-01-10T13:24:28+00:00\",\"breadcrumb\":{\"@id\":\"https:\/\/www.camping-ametza.com\/es\/menciones-legales\/#breadcrumb\"},\"inLanguage\":\"es\",\"potentialAction\":[{\"@type\":\"ReadAction\",\"target\":[\"https:\/\/www.camping-ametza.com\/es\/menciones-legales\/\"]}]},{\"@type\":\"BreadcrumbList\",\"@id\":\"https:\/\/www.camping-ametza.com\/es\/menciones-legales\/#breadcrumb\",\"itemListElement\":[{\"@type\":\"ListItem\",\"position\":1,\"name\":\"Camping Hendaye, au Pays basque\",\"item\":\"https:\/\/www.camping-ametza.com\/es\/\"},{\"@type\":\"ListItem\",\"position\":2,\"name\":\"Menciones legales\"}]},{\"@type\":\"WebSite\",\"@id\":\"https:\/\/www.camping-ametza.com\/es\/#website\",\"url\":\"https:\/\/www.camping-ametza.com\/es\/\",\"name\":\"Camping Ametza\",\"description\":\"Ametza, ensemble autrement\",\"publisher\":{\"@id\":\"https:\/\/www.camping-ametza.com\/es\/#organization\"},\"alternateName\":\"Ametza\",\"potentialAction\":[{\"@type\":\"SearchAction\",\"target\":{\"@type\":\"EntryPoint\",\"urlTemplate\":\"https:\/\/www.camping-ametza.com\/es\/?s={search_term_string}\"},\"query-input\":{\"@type\":\"PropertyValueSpecification\",\"valueRequired\":true,\"valueName\":\"search_term_string\"}}],\"inLanguage\":\"es\"},{\"@type\":\"Organization\",\"@id\":\"https:\/\/www.camping-ametza.com\/es\/#organization\",\"name\":\"Camping Ametza\",\"alternateName\":\"Ametza\",\"url\":\"https:\/\/www.camping-ametza.com\/es\/\",\"logo\":{\"@type\":\"ImageObject\",\"inLanguage\":\"es\",\"@id\":\"https:\/\/www.camping-ametza.com\/es\/#\/schema\/logo\/image\/\",\"url\":\"https:\/\/www.camping-ametza.com\/wp-content\/uploads\/2023\/11\/logo-camping-ametza-1.webp\",\"contentUrl\":\"https:\/\/www.camping-ametza.com\/wp-content\/uploads\/2023\/11\/logo-camping-ametza-1.webp\",\"width\":296,\"height\":296,\"caption\":\"Camping Ametza\"},\"image\":{\"@id\":\"https:\/\/www.camping-ametza.com\/es\/#\/schema\/logo\/image\/\"},\"sameAs\":[\"https:\/\/www.facebook.com\/camping.ametza\"]}]}<\/script>\n<!-- \/ Yoast SEO plugin. -->","yoast_head_json":{"title":"Menciones legales - Camping Ametza","robots":{"index":"index","follow":"follow","max-snippet":"max-snippet:-1","max-image-preview":"max-image-preview:large","max-video-preview":"max-video-preview:-1"},"canonical":"https:\/\/www.camping-ametza.com\/es\/menciones-legales\/","og_locale":"es_ES","og_type":"article","og_title":"Menciones legales - Camping Ametza","og_url":"https:\/\/www.camping-ametza.com\/es\/menciones-legales\/","og_site_name":"Camping Ametza","article_publisher":"https:\/\/www.facebook.com\/camping.ametza","article_modified_time":"2024-01-10T13:24:28+00:00","og_image":[{"width":1500,"height":1000,"url":"https:\/\/www.camping-ametza.com\/wp-content\/uploads\/2023\/11\/danses-basques-camping-ametza.webp","type":"image\/webp"}],"twitter_card":"summary_large_image","twitter_misc":{"Tiempo de lectura":"2 minutos"},"schema":{"@context":"https:\/\/schema.org","@graph":[{"@type":"WebPage","@id":"https:\/\/www.camping-ametza.com\/es\/menciones-legales\/","url":"https:\/\/www.camping-ametza.com\/es\/menciones-legales\/","name":"Menciones legales - Camping Ametza","isPartOf":{"@id":"https:\/\/www.camping-ametza.com\/es\/#website"},"datePublished":"2024-01-03T09:46:35+00:00","dateModified":"2024-01-10T13:24:28+00:00","breadcrumb":{"@id":"https:\/\/www.camping-ametza.com\/es\/menciones-legales\/#breadcrumb"},"inLanguage":"es","potentialAction":[{"@type":"ReadAction","target":["https:\/\/www.camping-ametza.com\/es\/menciones-legales\/"]}]},{"@type":"BreadcrumbList","@id":"https:\/\/www.camping-ametza.com\/es\/menciones-legales\/#breadcrumb","itemListElement":[{"@type":"ListItem","position":1,"name":"Camping Hendaye, au Pays basque","item":"https:\/\/www.camping-ametza.com\/es\/"},{"@type":"ListItem","position":2,"name":"Menciones legales"}]},{"@type":"WebSite","@id":"https:\/\/www.camping-ametza.com\/es\/#website","url":"https:\/\/www.camping-ametza.com\/es\/","name":"Camping Ametza","description":"Ametza, ensemble autrement","publisher":{"@id":"https:\/\/www.camping-ametza.com\/es\/#organization"},"alternateName":"Ametza","potentialAction":[{"@type":"SearchAction","target":{"@type":"EntryPoint","urlTemplate":"https:\/\/www.camping-ametza.com\/es\/?s={search_term_string}"},"query-input":{"@type":"PropertyValueSpecification","valueRequired":true,"valueName":"search_term_string"}}],"inLanguage":"es"},{"@type":"Organization","@id":"https:\/\/www.camping-ametza.com\/es\/#organization","name":"Camping Ametza","alternateName":"Ametza","url":"https:\/\/www.camping-ametza.com\/es\/","logo":{"@type":"ImageObject","inLanguage":"es","@id":"https:\/\/www.camping-ametza.com\/es\/#\/schema\/logo\/image\/","url":"https:\/\/www.camping-ametza.com\/wp-content\/uploads\/2023\/11\/logo-camping-ametza-1.webp","contentUrl":"https:\/\/www.camping-ametza.com\/wp-content\/uploads\/2023\/11\/logo-camping-ametza-1.webp","width":296,"height":296,"caption":"Camping Ametza"},"image":{"@id":"https:\/\/www.camping-ametza.com\/es\/#\/schema\/logo\/image\/"},"sameAs":["https:\/\/www.facebook.com\/camping.ametza"]}]}},"_links":{"self":[{"href":"https:\/\/www.camping-ametza.com\/es\/wp-json\/wp\/v2\/pages\/24039","targetHints":{"allow":["GET"]}}],"collection":[{"href":"https:\/\/www.camping-ametza.com\/es\/wp-json\/wp\/v2\/pages"}],"about":[{"href":"https:\/\/www.camping-ametza.com\/es\/wp-json\/wp\/v2\/types\/page"}],"author":[{"embeddable":true,"href":"https:\/\/www.camping-ametza.com\/es\/wp-json\/wp\/v2\/users\/1"}],"replies":[{"embeddable":true,"href":"https:\/\/www.camping-ametza.com\/es\/wp-json\/wp\/v2\/comments?post=24039"}],"version-history":[{"count":9,"href":"https:\/\/www.camping-ametza.com\/es\/wp-json\/wp\/v2\/pages\/24039\/revisions"}],"predecessor-version":[{"id":25304,"href":"https:\/\/www.camping-ametza.com\/es\/wp-json\/wp\/v2\/pages\/24039\/revisions\/25304"}],"wp:attachment":[{"href":"https:\/\/www.camping-ametza.com\/es\/wp-json\/wp\/v2\/media?parent=24039"}],"wp:term":[{"taxonomy":"sujet","embeddable":true,"href":"https:\/\/www.camping-ametza.com\/es\/wp-json\/wp\/v2\/sujet?post=24039"}],"curies":[{"name":"wp","href":"https:\/\/api.w.org\/{rel}","templated":true}]}}