{"id":24033,"date":"2024-01-03T10:46:33","date_gmt":"2024-01-03T09:46:33","guid":{"rendered":"https:\/\/www.camping-ametza.com\/volledige-punten\/"},"modified":"2024-01-10T14:24:28","modified_gmt":"2024-01-10T13:24:28","slug":"volledige-punten","status":"publish","type":"page","link":"https:\/\/www.camping-ametza.com\/nl\/volledige-punten\/","title":{"rendered":"Juridische informatie"},"content":{"rendered":"<section id=\"ls-section-block_7e6c7e487ca04d3564c57819bc289096\" class=\"ls-section \" >\r\n        <div class=\"container \">\r\n        \n\n<h2 class=\"ls__heading wp-block-heading has-text-align-center\">WEBSITE UITGEVER<\/h2>\n\n\n\n<p class=\"ls-paragraph has-text-align-center\"><strong>CAMPING AMETZA<br\/><\/strong>Adres: 156 Boulevard de l&#8217;Empereur &#8211; 64700 Hendaye<br\/>Tel : 05 59 20 07 05<br\/>E-mail: contact@camping-ametza.com<br\/>SIRET: 327 853 164 000 17<br\/>Publicatiemanager: St\u00e9phane ALZAT\u00c9<\/p>\n\n\n\n<h2 class=\"ls__heading wp-block-heading has-text-align-center\">PRODUCTIE<\/h2>\n\n\n\n<p class=\"ls-paragraph has-text-align-center\"><strong>GEEK TONIC<\/strong>, vertegenwoordigd door de heer Yohann Darmayan in zijn hoedanigheid van Manager<br\/>Maatschappelijke zetel: 50 Avenue du Lac Marion 64200 Biarritz<br\/>Tel.: 05 32 74 11 52<br\/>E-mail: support@geek-tonic.com<br\/>Website: <a href=\"https:\/\/www.geek-tonic.com\/\" target=\"_blank\" rel=\"noreferrer noopener\">www.geek-tonic.com<\/a><br\/>SIRET: 89746755100015<br\/>APE: 6201Z<\/p>\n\n\n\n<h2 class=\"ls__heading wp-block-heading has-text-align-center\">AUTEURSRECHTEN EN COPYRIGHT<\/h2>\n\n\n\n<p class=\"ls-paragraph has-text-align-center\">De volledige inhoud van deze site valt onder het auteursrecht en de intellectuele eigendomsrechten volgens de Franse wetgeving.<br\/>Elke reproductie (inclusief foto&#8217;s, iconen en downloadbare documenten) is verboden zonder voorafgaande toestemming van GEEK TONIC.<br\/>Reproductie op een elektronisch medium van de hele site of een deel ervan in papieren of elektronische vorm is verboden.<br\/>GEEK TONIC aanvaardt geen verantwoordelijkheid voor de inhoud van de website.<br\/>GEEK TONIC wijst ook alle verantwoordelijkheid af voor externe links die naar deze site verwijzen.<\/p>\n\n\n\n<h2 class=\"ls__heading wp-block-heading has-text-align-center\">Persoonlijke gegevens en nominatieve informatie<\/h2>\n\n\n\n<p class=\"ls-paragraph has-text-align-center\">U hebt het recht op toegang, wijziging, rectificatie en verwijdering van gegevens die op u betrekking hebben in overeenstemming met artikel 34 van de Franse wet op de gegevensbescherming (Loi &#8220;Informatique et Libert\u00e9s&#8221;) nr. 78-17 van 6 januari 1978, gewijzigd op 6 augustus 2018.<br\/>U kunt uw recht op toegang uitoefenen door een schriftelijk verzoek te sturen naar de redacteur van de site.<\/p>\n\n\n\n<h2 class=\"ls__heading wp-block-heading has-text-align-center\">WETGEVING<\/h2>\n\n\n\n<p class=\"ls-paragraph has-text-align-center\">In overeenstemming met de wet van 11 maart 1957 (art. 41) en het wetboek van intellectuele eigendom van 1 juli 1992, is het verboden de site geheel of gedeeltelijk te reproduceren zonder voorafgaande toestemming van de uitgever van de site.<br\/>Logo&#8217;s, afbeeldingen, foto&#8217;s, video&#8217;s, grafische diagrammen en teksten zijn eigendom van hun respectieve eigenaars.<br\/>Deze site kan, zonder zijn medeweten, zijn gekoppeld aan andere sites via hypermedia links. De redacteur van deze site aanvaardt geen verantwoordelijkheid voor de informatie op deze andere sites.<br\/>Internetgebruikers erkennen dat het gebruik van deze site valt onder de Franse wetgeving.<\/p>\n\n\n\n<h2 class=\"ls__heading wp-block-heading has-text-align-center\">Fotorechten<\/h2>\n\n\n\n<p class=\"ls-paragraph has-text-align-center\">Henrii lcompte ; basil landreo ; office de tourisme saint pee sur nivelle ; Monbus ; La R\u00e9publique des Pyr\u00e9n\u00e9es ; SA Harrieta171 ; Marie-Aude ; dobra ; Josu Go\u00f1i Etxabe ; Ignacio Gavira ; Angelyoldi ; Javier Mediavilla Ezquibela ; MykReeve ;<\/p>\n\n\r\n    <\/div>\r\n<\/section>","protected":false},"excerpt":{"rendered":"","protected":false},"author":1,"featured_media":0,"parent":0,"menu_order":0,"comment_status":"closed","ping_status":"closed","template":"","meta":{"_acf_changed":false,"footnotes":""},"sujet":[],"class_list":["post-24033","page","type-page","status-publish","hentry"],"acf":[],"yoast_head":"<!-- This site is optimized with the Yoast SEO plugin v25.3 - https:\/\/yoast.com\/wordpress\/plugins\/seo\/ -->\n<title>Juridische informatie - Camping Ametza<\/title>\n<meta name=\"robots\" content=\"index, follow, max-snippet:-1, max-image-preview:large, max-video-preview:-1\" \/>\n<link rel=\"canonical\" href=\"https:\/\/www.camping-ametza.com\/nl\/volledige-punten\/\" \/>\n<meta property=\"og:locale\" content=\"nl_NL\" \/>\n<meta property=\"og:type\" content=\"article\" \/>\n<meta property=\"og:title\" content=\"Juridische informatie - Camping Ametza\" \/>\n<meta property=\"og:url\" content=\"https:\/\/www.camping-ametza.com\/nl\/volledige-punten\/\" \/>\n<meta property=\"og:site_name\" content=\"Camping Ametza\" \/>\n<meta property=\"article:publisher\" content=\"https:\/\/www.facebook.com\/camping.ametza\" \/>\n<meta property=\"article:modified_time\" content=\"2024-01-10T13:24:28+00:00\" \/>\n<meta property=\"og:image\" content=\"https:\/\/www.camping-ametza.com\/wp-content\/uploads\/2023\/11\/danses-basques-camping-ametza.webp\" \/>\n\t<meta property=\"og:image:width\" content=\"1500\" \/>\n\t<meta property=\"og:image:height\" content=\"1000\" \/>\n\t<meta property=\"og:image:type\" content=\"image\/webp\" \/>\n<meta name=\"twitter:card\" content=\"summary_large_image\" \/>\n<meta name=\"twitter:label1\" content=\"Geschatte leestijd\" \/>\n\t<meta name=\"twitter:data1\" content=\"2 minuten\" \/>\n<script type=\"application\/ld+json\" class=\"yoast-schema-graph\">{\"@context\":\"https:\/\/schema.org\",\"@graph\":[{\"@type\":\"WebPage\",\"@id\":\"https:\/\/www.camping-ametza.com\/nl\/volledige-punten\/\",\"url\":\"https:\/\/www.camping-ametza.com\/nl\/volledige-punten\/\",\"name\":\"Juridische informatie - Camping Ametza\",\"isPartOf\":{\"@id\":\"https:\/\/www.camping-ametza.com\/nl\/#website\"},\"datePublished\":\"2024-01-03T09:46:33+00:00\",\"dateModified\":\"2024-01-10T13:24:28+00:00\",\"breadcrumb\":{\"@id\":\"https:\/\/www.camping-ametza.com\/nl\/volledige-punten\/#breadcrumb\"},\"inLanguage\":\"nl-NL\",\"potentialAction\":[{\"@type\":\"ReadAction\",\"target\":[\"https:\/\/www.camping-ametza.com\/nl\/volledige-punten\/\"]}]},{\"@type\":\"BreadcrumbList\",\"@id\":\"https:\/\/www.camping-ametza.com\/nl\/volledige-punten\/#breadcrumb\",\"itemListElement\":[{\"@type\":\"ListItem\",\"position\":1,\"name\":\"Camping Hendaye, au Pays basque\",\"item\":\"https:\/\/www.camping-ametza.com\/nl\/\"},{\"@type\":\"ListItem\",\"position\":2,\"name\":\"Juridische informatie\"}]},{\"@type\":\"WebSite\",\"@id\":\"https:\/\/www.camping-ametza.com\/nl\/#website\",\"url\":\"https:\/\/www.camping-ametza.com\/nl\/\",\"name\":\"Camping Ametza\",\"description\":\"Ametza, ensemble autrement\",\"publisher\":{\"@id\":\"https:\/\/www.camping-ametza.com\/nl\/#organization\"},\"alternateName\":\"Ametza\",\"potentialAction\":[{\"@type\":\"SearchAction\",\"target\":{\"@type\":\"EntryPoint\",\"urlTemplate\":\"https:\/\/www.camping-ametza.com\/nl\/?s={search_term_string}\"},\"query-input\":{\"@type\":\"PropertyValueSpecification\",\"valueRequired\":true,\"valueName\":\"search_term_string\"}}],\"inLanguage\":\"nl-NL\"},{\"@type\":\"Organization\",\"@id\":\"https:\/\/www.camping-ametza.com\/nl\/#organization\",\"name\":\"Camping Ametza\",\"alternateName\":\"Ametza\",\"url\":\"https:\/\/www.camping-ametza.com\/nl\/\",\"logo\":{\"@type\":\"ImageObject\",\"inLanguage\":\"nl-NL\",\"@id\":\"https:\/\/www.camping-ametza.com\/nl\/#\/schema\/logo\/image\/\",\"url\":\"https:\/\/www.camping-ametza.com\/wp-content\/uploads\/2023\/11\/logo-camping-ametza-1.webp\",\"contentUrl\":\"https:\/\/www.camping-ametza.com\/wp-content\/uploads\/2023\/11\/logo-camping-ametza-1.webp\",\"width\":296,\"height\":296,\"caption\":\"Camping Ametza\"},\"image\":{\"@id\":\"https:\/\/www.camping-ametza.com\/nl\/#\/schema\/logo\/image\/\"},\"sameAs\":[\"https:\/\/www.facebook.com\/camping.ametza\"]}]}<\/script>\n<!-- \/ Yoast SEO plugin. -->","yoast_head_json":{"title":"Juridische informatie - Camping Ametza","robots":{"index":"index","follow":"follow","max-snippet":"max-snippet:-1","max-image-preview":"max-image-preview:large","max-video-preview":"max-video-preview:-1"},"canonical":"https:\/\/www.camping-ametza.com\/nl\/volledige-punten\/","og_locale":"nl_NL","og_type":"article","og_title":"Juridische informatie - Camping Ametza","og_url":"https:\/\/www.camping-ametza.com\/nl\/volledige-punten\/","og_site_name":"Camping Ametza","article_publisher":"https:\/\/www.facebook.com\/camping.ametza","article_modified_time":"2024-01-10T13:24:28+00:00","og_image":[{"width":1500,"height":1000,"url":"https:\/\/www.camping-ametza.com\/wp-content\/uploads\/2023\/11\/danses-basques-camping-ametza.webp","type":"image\/webp"}],"twitter_card":"summary_large_image","twitter_misc":{"Geschatte leestijd":"2 minuten"},"schema":{"@context":"https:\/\/schema.org","@graph":[{"@type":"WebPage","@id":"https:\/\/www.camping-ametza.com\/nl\/volledige-punten\/","url":"https:\/\/www.camping-ametza.com\/nl\/volledige-punten\/","name":"Juridische informatie - Camping Ametza","isPartOf":{"@id":"https:\/\/www.camping-ametza.com\/nl\/#website"},"datePublished":"2024-01-03T09:46:33+00:00","dateModified":"2024-01-10T13:24:28+00:00","breadcrumb":{"@id":"https:\/\/www.camping-ametza.com\/nl\/volledige-punten\/#breadcrumb"},"inLanguage":"nl-NL","potentialAction":[{"@type":"ReadAction","target":["https:\/\/www.camping-ametza.com\/nl\/volledige-punten\/"]}]},{"@type":"BreadcrumbList","@id":"https:\/\/www.camping-ametza.com\/nl\/volledige-punten\/#breadcrumb","itemListElement":[{"@type":"ListItem","position":1,"name":"Camping Hendaye, au Pays basque","item":"https:\/\/www.camping-ametza.com\/nl\/"},{"@type":"ListItem","position":2,"name":"Juridische informatie"}]},{"@type":"WebSite","@id":"https:\/\/www.camping-ametza.com\/nl\/#website","url":"https:\/\/www.camping-ametza.com\/nl\/","name":"Camping Ametza","description":"Ametza, ensemble autrement","publisher":{"@id":"https:\/\/www.camping-ametza.com\/nl\/#organization"},"alternateName":"Ametza","potentialAction":[{"@type":"SearchAction","target":{"@type":"EntryPoint","urlTemplate":"https:\/\/www.camping-ametza.com\/nl\/?s={search_term_string}"},"query-input":{"@type":"PropertyValueSpecification","valueRequired":true,"valueName":"search_term_string"}}],"inLanguage":"nl-NL"},{"@type":"Organization","@id":"https:\/\/www.camping-ametza.com\/nl\/#organization","name":"Camping Ametza","alternateName":"Ametza","url":"https:\/\/www.camping-ametza.com\/nl\/","logo":{"@type":"ImageObject","inLanguage":"nl-NL","@id":"https:\/\/www.camping-ametza.com\/nl\/#\/schema\/logo\/image\/","url":"https:\/\/www.camping-ametza.com\/wp-content\/uploads\/2023\/11\/logo-camping-ametza-1.webp","contentUrl":"https:\/\/www.camping-ametza.com\/wp-content\/uploads\/2023\/11\/logo-camping-ametza-1.webp","width":296,"height":296,"caption":"Camping Ametza"},"image":{"@id":"https:\/\/www.camping-ametza.com\/nl\/#\/schema\/logo\/image\/"},"sameAs":["https:\/\/www.facebook.com\/camping.ametza"]}]}},"_links":{"self":[{"href":"https:\/\/www.camping-ametza.com\/nl\/wp-json\/wp\/v2\/pages\/24033","targetHints":{"allow":["GET"]}}],"collection":[{"href":"https:\/\/www.camping-ametza.com\/nl\/wp-json\/wp\/v2\/pages"}],"about":[{"href":"https:\/\/www.camping-ametza.com\/nl\/wp-json\/wp\/v2\/types\/page"}],"author":[{"embeddable":true,"href":"https:\/\/www.camping-ametza.com\/nl\/wp-json\/wp\/v2\/users\/1"}],"replies":[{"embeddable":true,"href":"https:\/\/www.camping-ametza.com\/nl\/wp-json\/wp\/v2\/comments?post=24033"}],"version-history":[{"count":7,"href":"https:\/\/www.camping-ametza.com\/nl\/wp-json\/wp\/v2\/pages\/24033\/revisions"}],"predecessor-version":[{"id":25301,"href":"https:\/\/www.camping-ametza.com\/nl\/wp-json\/wp\/v2\/pages\/24033\/revisions\/25301"}],"wp:attachment":[{"href":"https:\/\/www.camping-ametza.com\/nl\/wp-json\/wp\/v2\/media?parent=24033"}],"wp:term":[{"taxonomy":"sujet","embeddable":true,"href":"https:\/\/www.camping-ametza.com\/nl\/wp-json\/wp\/v2\/sujet?post=24033"}],"curies":[{"name":"wp","href":"https:\/\/api.w.org\/{rel}","templated":true}]}}